{"id":10456,"date":"2024-03-28T17:18:06","date_gmt":"2024-03-28T20:18:06","guid":{"rendered":"https:\/\/jfsimulacaosaude.com.br\/site\/product\/circuito-jf-revalidacao-turma-02\/"},"modified":"2024-04-08T11:52:06","modified_gmt":"2024-04-08T14:52:06","slug":"circuito-jf-revalidacao-turma-02","status":"publish","type":"product","link":"https:\/\/jfsimulacaosaude.com.br\/site\/produto\/circuito-jf-revalidacao-turma-02\/","title":{"rendered":"Circuito JF Revalida\u00e7\u00e3o &#8211; Turma 02"},"content":{"rendered":"<p><strong>Aten\u00e7\u00e3o! Leia o <a href=\"https:\/\/jfservicoseducacionais.com.br\/wp-content\/uploads\/2021\/11\/CONTRATO-DE-PRESTACAO-DE-SERVICOS_REVALIDA-2021.pdf\">Contrato<\/a> e confirme antes de clicar em comprar!!<\/strong><\/p>\n<p>O Circuito JF Revalida\u00e7\u00e3o \u00e9 um treinamento 100% presencial focado na prova de habilidades cl\u00ednicas do Revalida (prova pr\u00e1tica).<\/p>\n<p>Em dois dias intensos de curso, o candidato percorre um verdadeiro circuito de prepara\u00e7\u00e3o guiado pelos professores da JF.<\/p>\n<p>Treinamento intensivo em mais de 40 esta\u00e7\u00f5es com simula\u00e7\u00e3o real\u00edstica, com base em checklists; focados na sistematiza\u00e7\u00e3o do atendimento e realiza\u00e7\u00f5es de procedimento.<\/p>\n<p><strong>Objetivo do curso: <\/strong>Preparar o candidato \u00e0 revalida\u00e7\u00e3o a enfrentar qualquer cen\u00e1rio da prova pr\u00e1tica do Revalida. Atuando com alta performance em esta\u00e7\u00f5es de simula\u00e7\u00e3o real\u00edstica nas 5 grandes \u00e1reas: Cl\u00ednica m\u00e9dica, Pediatria, Ginecologia e Obstetr\u00edcia, Cirurgia geral e Medicina preventiva.<\/p>\n<p><strong>Datas<\/strong>: 14 e 15 de dezembro de 2021 das 8h \u00e0s 20h.<\/p>\n<p><strong>Carga hor\u00e1ria: <\/strong>24 horas (2 dias)<\/p>\n<p><strong>Conte\u00fado<\/strong>: mais de 40 esta\u00e7\u00f5es com cen\u00e1rios real\u00edsticos<\/p>\n<p><strong>Vagas<\/strong> (20)<\/p>\n<p><strong>Cronograma<\/strong>: 2 dias<\/p>\n<p><strong>1\u00ba dia<\/strong><\/p>\n<p>20 cen\u00e1rios de atendimento real\u00edstico<\/p>\n<p>Credenciamento: 7h30<\/p>\n<p>In\u00edcio: 8h<\/p>\n<p>Coffee Break: 10h<\/p>\n<p>Almo\u00e7o: 12h<\/p>\n<p>Coffee Break: 16h<\/p>\n<p>Finaliza\u00e7\u00e3o: 20h<\/p>\n<p>&nbsp;<\/p>\n<p><strong>2\u00ba dia<\/strong><\/p>\n<p>20 cen\u00e1rios de atendimento real\u00edstico<\/p>\n<p>In\u00edcio: 8h<\/p>\n<p>Coffee Break: 10h<\/p>\n<p>Almo\u00e7o: 12h<\/p>\n<p>Coffee Break: 16h<\/p>\n<p>Finaliza\u00e7\u00e3o: 20h<\/p>\n<p><strong>Investimento<\/strong><\/p>\n<p>R$ 3.334,00 ou em at\u00e9 12 x R$ 334,73 no cart\u00e3o de cr\u00e9dito \u2013 PagSeguro.<\/p>\n<p><strong>ORIENTA\u00c7\u00d5ES GERAIS<\/strong><\/p>\n<p>CURSOS LIVRES<\/p>\n<ol>\n<li>As inscri\u00e7\u00f5es ser\u00e3o realizadas at\u00e9 o \u00faltimo dia \u00fatil que antecede a data de in\u00edcio do curso, e se houver vaga. Caso a quantidade de pagantes ultrapasse o n\u00famero de vagas, o valor integral ser\u00e1 devolvido ao \u00faltimo participante inscrito;<\/li>\n<li>A realiza\u00e7\u00e3o do curso est\u00e1 sujeita a forma\u00e7\u00e3o de turma, com n\u00famero igual ou superior aos gastos estipulados pela empresa. A n\u00e3o forma\u00e7\u00e3o de turma est\u00e1 sujeita a devolu\u00e7\u00e3o do valor integral de da inscri\u00e7\u00e3o;<\/li>\n<li>A desist\u00eancia dever\u00e1 ser comunicada por e-mail (<a href=\"mailto:jf@jfservicoseducacionais.com.br\">jf@jfservicoseducacionais.com.br<\/a>) at\u00e9 72(setenta e duas) horas antes do in\u00edcio do curso. Ap\u00f3s esse prazo ser\u00e1 devolvido 70% (setenta por cento) do valor e ap\u00f3s o in\u00edcio do curso n\u00e3o h\u00e1 devolu\u00e7\u00e3o e\/ou estorno. No e-mail deve ser informado os dados banc\u00e1rios do aluno com o devido CPF e nome completo, e anexado o comprovante de pagamento para devolu\u00e7\u00e3o e\/ou estorno no caso de pagamento por meio de cart\u00e3o de cr\u00e9dito. A devolu\u00e7\u00e3o e\/ou estorno ser\u00e1 feita at\u00e9 3 (tr\u00eas) dias \u00fateis ap\u00f3s o recebimento do e-mail.<\/li>\n<\/ol>\n","protected":false},"excerpt":{"rendered":"<p><strong>Datas<\/strong>: 14 e 15 de dezembro de 2021 das 8h \u00e0s 20h.<\/p>\n<p><strong>Carga hor\u00e1ria: <\/strong>24 horas (2 dias)<\/p>\n<p><strong>Conte\u00fado<\/strong>: mais de 40 esta\u00e7\u00f5es com cen\u00e1rios real\u00edsticos<\/p>\n<p><strong>Vagas<\/strong> (20)<\/p>\n","protected":false},"featured_media":10455,"comment_status":"open","ping_status":"closed","template":"","meta":{"_acf_changed":false},"product_brand":[],"product_cat":[146],"product_tag":[],"class_list":{"0":"post-10456","1":"product","2":"type-product","3":"status-publish","4":"has-post-thumbnail","6":"product_cat-livre-realizados","8":"first","9":"outofstock","10":"shipping-taxable","11":"product-type-simple"},"acf":[],"_links":{"self":[{"href":"https:\/\/jfsimulacaosaude.com.br\/site\/wp-json\/wp\/v2\/product\/10456","targetHints":{"allow":["GET"]}}],"collection":[{"href":"https:\/\/jfsimulacaosaude.com.br\/site\/wp-json\/wp\/v2\/product"}],"about":[{"href":"https:\/\/jfsimulacaosaude.com.br\/site\/wp-json\/wp\/v2\/types\/product"}],"replies":[{"embeddable":true,"href":"https:\/\/jfsimulacaosaude.com.br\/site\/wp-json\/wp\/v2\/comments?post=10456"}],"wp:featuredmedia":[{"embeddable":true,"href":"https:\/\/jfsimulacaosaude.com.br\/site\/wp-json\/wp\/v2\/media\/10455"}],"wp:attachment":[{"href":"https:\/\/jfsimulacaosaude.com.br\/site\/wp-json\/wp\/v2\/media?parent=10456"}],"wp:term":[{"taxonomy":"product_brand","embeddable":true,"href":"https:\/\/jfsimulacaosaude.com.br\/site\/wp-json\/wp\/v2\/product_brand?post=10456"},{"taxonomy":"product_cat","embeddable":true,"href":"https:\/\/jfsimulacaosaude.com.br\/site\/wp-json\/wp\/v2\/product_cat?post=10456"},{"taxonomy":"product_tag","embeddable":true,"href":"https:\/\/jfsimulacaosaude.com.br\/site\/wp-json\/wp\/v2\/product_tag?post=10456"}],"curies":[{"name":"wp","href":"https:\/\/api.w.org\/{rel}","templated":true}]}}