{"id":10452,"date":"2024-03-28T17:17:52","date_gmt":"2024-03-28T20:17:52","guid":{"rendered":"https:\/\/jfsimulacaosaude.com.br\/site\/product\/preparatorio-jf-samu-fortaleza\/"},"modified":"2024-04-02T15:18:11","modified_gmt":"2024-04-02T18:18:11","slug":"preparatorio-jf-samu-fortaleza","status":"publish","type":"product","link":"https:\/\/jfsimulacaosaude.com.br\/site\/produto\/preparatorio-jf-samu-fortaleza\/","title":{"rendered":"Preparat\u00f3rio JF SAMU\/Fortaleza"},"content":{"rendered":"<p><strong>P\u00fablico Alvo:<\/strong> Enfermeiros e T\u00e9cnicos de Enfermagem<\/p>\n<p><strong>Carga Hor\u00e1ria:<\/strong> 40H<\/p>\n<p><strong>Datas:<\/strong> 19, 26\/6 e 3\/7\/2021 (aos s\u00e1bados) das 8h \u00e0s 12h e das 13h \u00e0s 17h. (Via Google Meet)<br \/>\n11\/7\/2021 &#8211; <strong>Live da Aprova\u00e7\u00e3o SAMU 192 <\/strong>das 14h \u00e0s 17h (AULA ON-LINE NO YOU TUBE)<\/p>\n<p><strong>Diferenciais<br \/>\nAcesso ao curso:<\/strong> 3 meses ap\u00f3s o in\u00edcio do curso.<br \/>\n<strong>AULAS:<\/strong> Plataforma (Meet) com resolu\u00e7\u00f5es de quest\u00f5es e dicas JF e ambiente JF (PDF dos principais assuntos) com resolu\u00e7\u00f5es de quest\u00f5es e dicas JF.<br \/>\n<strong>B\u00d4NUS:<\/strong> LIVE ON-LINE JF e CONVIDADOS (STREAMING NO YOU TUBE) + M\u00daSICA + SORTEIO DE BRINDES.<\/p>\n<p><strong>Certifica\u00e7\u00e3o:<\/strong>\u00a0Ser\u00e1 fornecido certificado de participa\u00e7\u00e3o para todos os alunos que completarem no m\u00ednimo 75% da carga hor\u00e1ria do curso.<\/p>\n<p><strong>Conte\u00fado Program\u00e1tico: <a href=\"https:\/\/concursos.fortaleza.ce.gov.br\/images\/EDITAL_28_2021_SAMU_Final.pdf\">EDITAL No. 28\/2021<\/a><\/strong><\/p>\n<p><b>Facilitadores<\/b><\/p>\n<p><b>Dra. Julyana Freitas<\/b><\/p>\n<p>Enfermeira. Doutora em Enfermagem pela Universidade Federal do Cear\u00e1. Instrutora em Simula\u00e7\u00e3o Cl\u00ednica e Real\u00edstica (<em>Leardal Medical e Area Training &amp; Consulting<\/em>). Docente da Gradua\u00e7\u00e3o em Enfermagem e do Mestrado Profissional Tecnologia e Inova\u00e7\u00e3o em Enfermagem (MPTIE)\/UNIFOR. Pesquisadora e Coordenadora\u00a0 do Laborat\u00f3rio de Tecnologia em Enfermagem (LABTENF)\/UNIFOR. Preceptora do N\u00facleo de Educa\u00e7\u00e3o\u00a0 Permanente (SAMU FORTALEZA).<\/p>\n<p><strong>E convidados expertises no assunto<\/strong><\/p>\n<p>Investimento:<\/p>\n<p><strong>R$ 199,00 (cento e noventa e nove reais)<\/strong><\/p>\n<p><strong>ORIENTA\u00c7\u00d5ES GERAIS<\/strong><\/p>\n<p>CURSOS LIVRES<\/p>\n<ol>\n<li>As inscri\u00e7\u00f5es ser\u00e3o realizadas at\u00e9 o \u00faltimo dia \u00fatil que antecede a data de in\u00edcio do curso, e se houver vaga. Caso a quantidade de pagantes ultrapasse o n\u00famero de vagas, o valor integral ser\u00e1 devolvido ao \u00faltimo participante inscrito;<\/li>\n<li>A realiza\u00e7\u00e3o do curso est\u00e1 sujeita a forma\u00e7\u00e3o de turma, com n\u00famero igual ou superior aos gastos estipulados pela empresa. A n\u00e3o forma\u00e7\u00e3o de turma est\u00e1 sujeita a devolu\u00e7\u00e3o do valor integral de da inscri\u00e7\u00e3o;<\/li>\n<li>A desist\u00eancia dever\u00e1 ser comunicada por e-mail (<a href=\"mailto:jf@jfservicoseducacionais.com.br\">jf@jfservicoseducacionais.com.br<\/a>) at\u00e9 72(setenta e duas) horas antes do in\u00edcio do curso. Ap\u00f3s esse prazo ser\u00e1 devolvido 70% (setenta por cento) do valor e ap\u00f3s o in\u00edcio do curso n\u00e3o h\u00e1 devolu\u00e7\u00e3o e\/ou estorno. No e-mail deve ser informado os dados banc\u00e1rios do aluno com o devido CPF e nome completo, e anexado o comprovante de pagamento para devolu\u00e7\u00e3o e\/ou estorno no caso de pagamento por meio de cart\u00e3o de cr\u00e9dito. A devolu\u00e7\u00e3o e\/ou estorno ser\u00e1 feita at\u00e9 3 (tr\u00eas) dias \u00fateis ap\u00f3s o recebimento do e-mail.<\/li>\n<\/ol>\n<p><strong>ORIENTA\u00c7\u00d5ES ESPEC\u00cdFICAS<\/strong><\/p>\n<ol>\n<li>As aulas remotas ser\u00e3o aos s\u00e1bados (ver cronograma).<\/li>\n<li>As aulas EAD (plataforma moodle) ficar\u00e3o dispon\u00edveis no per\u00edodo do curso de realiza\u00e7\u00e3o do curso, bem como as aulas remotas que ser\u00e3o enviadas (link privado) para o e-mail cadastrado de cada aluno inscrito, sabendo que n\u00e3o \u00e9 permitido compartilhar este conte\u00fado a terceiros;<\/li>\n<li>Para o recebimento do certificado, \u00e9 necess\u00e1rio a participa\u00e7\u00e3o m\u00ednima em 75% das aulas remotas, presenciais e EAD.<\/li>\n<\/ol>\n<p>&nbsp;<\/p>\n<p><strong>Dra. Julyana Freitas<br \/>\n<\/strong>Dire\u00e7\u00e3o Geral<\/p>\n","protected":false},"excerpt":{"rendered":"<p>P\u00fablico Alvo: Enfermeiros e T\u00e9cnicos de Enfermagem Carga Hor\u00e1ria: 40H Datas: 19, 26\/6 e 3\/7\/2021 (aos s\u00e1bados) das 8h \u00e0s 12h e das 13h \u00e0s 17h. (Via Google Meet) 11\/7\/2021 &#8211; Live da Aprova\u00e7\u00e3o SAMU 192 das 14h \u00e0s 17h (AULA ON-LINE NO YOU TUBE) Diferenciais Acesso ao curso: 3 meses ap\u00f3s o in\u00edcio do [&hellip;]<\/p>\n","protected":false},"featured_media":0,"comment_status":"open","ping_status":"closed","template":"","meta":{"_acf_changed":false},"product_brand":[],"product_cat":[15],"product_tag":[],"class_list":{"0":"post-10452","1":"product","2":"type-product","3":"status-publish","5":"product_cat-uncategorized","7":"first","8":"outofstock","9":"shipping-taxable","10":"product-type-simple"},"acf":[],"_links":{"self":[{"href":"https:\/\/jfsimulacaosaude.com.br\/site\/wp-json\/wp\/v2\/product\/10452","targetHints":{"allow":["GET"]}}],"collection":[{"href":"https:\/\/jfsimulacaosaude.com.br\/site\/wp-json\/wp\/v2\/product"}],"about":[{"href":"https:\/\/jfsimulacaosaude.com.br\/site\/wp-json\/wp\/v2\/types\/product"}],"replies":[{"embeddable":true,"href":"https:\/\/jfsimulacaosaude.com.br\/site\/wp-json\/wp\/v2\/comments?post=10452"}],"wp:attachment":[{"href":"https:\/\/jfsimulacaosaude.com.br\/site\/wp-json\/wp\/v2\/media?parent=10452"}],"wp:term":[{"taxonomy":"product_brand","embeddable":true,"href":"https:\/\/jfsimulacaosaude.com.br\/site\/wp-json\/wp\/v2\/product_brand?post=10452"},{"taxonomy":"product_cat","embeddable":true,"href":"https:\/\/jfsimulacaosaude.com.br\/site\/wp-json\/wp\/v2\/product_cat?post=10452"},{"taxonomy":"product_tag","embeddable":true,"href":"https:\/\/jfsimulacaosaude.com.br\/site\/wp-json\/wp\/v2\/product_tag?post=10452"}],"curies":[{"name":"wp","href":"https:\/\/api.w.org\/{rel}","templated":true}]}}