{"id":10447,"date":"2024-03-28T17:17:37","date_gmt":"2024-03-28T20:17:37","guid":{"rendered":"https:\/\/jfsimulacaosaude.com.br\/site\/product\/combo-macpg-e-mava\/"},"modified":"2024-04-08T15:03:16","modified_gmt":"2024-04-08T18:03:16","slug":"combo-macpg-e-mava","status":"publish","type":"product","link":"https:\/\/jfsimulacaosaude.com.br\/site\/produto\/combo-macpg-e-mava\/","title":{"rendered":"Combo &#8211; MACPG e MAVA"},"content":{"rendered":"<p class=\"product_title entry-title\"><a href=\"https:\/\/jfservicoseducacionais.com.br\/index.php\/produto\/manejo-avancado-em-cardiologia-no-paciente-grave\/\">Manejo Avan\u00e7ado em Cardiologia no Paciente Grave<\/a><\/p>\n<p class=\"product_title entry-title\"><a href=\"https:\/\/jfservicoseducacionais.com.br\/index.php\/produto\/manejo-avancado-de-via-aerea\/\">Manejo Avan\u00e7ado de Via A\u00e9rea<\/a><\/p>\n<p><strong>Combo Promocional<\/strong><\/p>\n<p><b>Investimento:\u00a0<\/b><\/p>\n<p><b>1o lote:<\/b> R$ 600,00 \u2013 at\u00e9 13.1.2021<\/p>\n<p><b>2o lote:\u00a0<\/b>R$ 700,00 \u2013 at\u00e9 21.1.2021<\/p>\n<p><b>3o lote:\u00a0<\/b>R$ 800,00 \u2013 at\u00e9 30.1.2021<\/p>\n<p>* Acad\u00eamico tem 20% de desconto e dever\u00e1 entrar em contato com o atendimento da JF Servi\u00e7os Educacionais em Sa\u00fade por meio do nosso WhastApp (85) 98832.7305.<\/p>\n<p><strong>ORIENTA\u00c7\u00d5ES GERAIS<\/strong><\/p>\n<p>CURSOS LIVRES<\/p>\n<ol>\n<li>As inscri\u00e7\u00f5es ser\u00e3o realizadas at\u00e9 o \u00faltimo dia \u00fatil que antecede a data de in\u00edcio do curso, e se houver vaga. Caso a quantidade de pagantes ultrapasse o n\u00famero de vagas, o valor integral ser\u00e1 devolvido ao \u00faltimo participante inscrito;<\/li>\n<li>A realiza\u00e7\u00e3o do curso est\u00e1 sujeita a forma\u00e7\u00e3o de turma, com n\u00famero igual ou superior aos gastos estipulados pela empresa. A n\u00e3o forma\u00e7\u00e3o de turma est\u00e1 sujeita a devolu\u00e7\u00e3o do valor integral de da inscri\u00e7\u00e3o;<\/li>\n<li>A desist\u00eancia dever\u00e1 ser comunicada por e-mail (<a href=\"mailto:jf@jfservicoseducacionais.com.br\">jf@jfservicoseducacionais.com.br<\/a>) at\u00e9 72(setenta e duas) horas antes do in\u00edcio do curso. Ap\u00f3s esse prazo ser\u00e1 devolvido 70% (setenta por cento) do valor e ap\u00f3s o in\u00edcio do curso n\u00e3o h\u00e1 devolu\u00e7\u00e3o e\/ou estorno. No e-mail deve ser informado os dados banc\u00e1rios do aluno com o devido CPF e nome completo, e anexado o comprovante de pagamento para devolu\u00e7\u00e3o e\/ou estorno no caso de pagamento por meio de cart\u00e3o de cr\u00e9dito. A devolu\u00e7\u00e3o e\/ou estorno ser\u00e1 feita at\u00e9 3 (tr\u00eas) dias \u00fateis ap\u00f3s o recebimento do e-mail.<\/li>\n<\/ol>\n<p>&nbsp;<\/p>\n<p><strong>Dra. Julyana Freitas<br \/>\n<\/strong>Dire\u00e7\u00e3o Geral<\/p>\n","protected":false},"excerpt":{"rendered":"<p><strong>Manejo Avan\u00e7ado em Cardiologia no Paciente Grave &#8211; 20 horas<\/strong><br \/>\nSexta-feira (22\/1\/2021), ter\u00e7a-feira (26\/1\/2021) e quarta-feira (27\/1\/2021): 18h \u00e0s 21h (Via Google Meet)<br \/>\nDomingo (31\/1\/2021): 8h \u00e0s 18h (Centro de Simula\u00e7\u00e3o JF \u2013 Rua Ab\u00edlio Martins, 900 \u2013 Parquel\u00e2ndia)<\/p>\n<p><strong>Manejo Avan\u00e7ado de Via A\u00e9rea<\/strong><br \/>\nQuinta-feira (21\/1\/2021): 18h \u00e0s 22h (Via Google Meet)<br \/>\nS\u00e1bado (30\/1\/2021): 8h \u00e0s 18h (Centro de Simula\u00e7\u00e3o JF \u2013 Rua Ab\u00edlio Martins, 900 \u2013 Parquel\u00e2ndia)<\/p>\n","protected":false},"featured_media":10446,"comment_status":"open","ping_status":"closed","template":"","meta":{"_acf_changed":false},"product_brand":[],"product_cat":[146],"product_tag":[],"class_list":{"0":"post-10447","1":"product","2":"type-product","3":"status-publish","4":"has-post-thumbnail","6":"product_cat-livre-realizados","8":"first","9":"outofstock","10":"shipping-taxable","11":"product-type-simple"},"acf":[],"_links":{"self":[{"href":"https:\/\/jfsimulacaosaude.com.br\/site\/wp-json\/wp\/v2\/product\/10447","targetHints":{"allow":["GET"]}}],"collection":[{"href":"https:\/\/jfsimulacaosaude.com.br\/site\/wp-json\/wp\/v2\/product"}],"about":[{"href":"https:\/\/jfsimulacaosaude.com.br\/site\/wp-json\/wp\/v2\/types\/product"}],"replies":[{"embeddable":true,"href":"https:\/\/jfsimulacaosaude.com.br\/site\/wp-json\/wp\/v2\/comments?post=10447"}],"wp:featuredmedia":[{"embeddable":true,"href":"https:\/\/jfsimulacaosaude.com.br\/site\/wp-json\/wp\/v2\/media\/10446"}],"wp:attachment":[{"href":"https:\/\/jfsimulacaosaude.com.br\/site\/wp-json\/wp\/v2\/media?parent=10447"}],"wp:term":[{"taxonomy":"product_brand","embeddable":true,"href":"https:\/\/jfsimulacaosaude.com.br\/site\/wp-json\/wp\/v2\/product_brand?post=10447"},{"taxonomy":"product_cat","embeddable":true,"href":"https:\/\/jfsimulacaosaude.com.br\/site\/wp-json\/wp\/v2\/product_cat?post=10447"},{"taxonomy":"product_tag","embeddable":true,"href":"https:\/\/jfsimulacaosaude.com.br\/site\/wp-json\/wp\/v2\/product_tag?post=10447"}],"curies":[{"name":"wp","href":"https:\/\/api.w.org\/{rel}","templated":true}]}}