{"id":10438,"date":"2024-03-28T17:17:07","date_gmt":"2024-03-28T20:17:07","guid":{"rendered":"https:\/\/jfsimulacaosaude.com.br\/site\/product\/alta-performance-em-situacoes-de-emergencias-no-consultorio-odontologico\/"},"modified":"2024-04-04T21:24:59","modified_gmt":"2024-04-05T00:24:59","slug":"alta-performance-em-situacoes-de-emergencias-no-consultorio-odontologico","status":"publish","type":"product","link":"https:\/\/jfsimulacaosaude.com.br\/site\/produto\/alta-performance-em-situacoes-de-emergencias-no-consultorio-odontologico\/","title":{"rendered":"Alta Performance em Situa\u00e7\u00f5es de Emerg\u00eancias no Consult\u00f3rio Odontol\u00f3gico"},"content":{"rendered":"<p><strong>Objetivo do curso:<\/strong> <span style=\"font-weight: 400\">Capacitar profissionais na \u00e1rea da Odontologia para agir em situa\u00e7\u00f5es de emerg\u00eancia que venham a ocorrer dentro de consult\u00f3rio.<\/span><\/p>\n<p><strong>P\u00fablico Alvo:<\/strong> Profissionais Odont\u00f3logos e acad\u00eamicos de Odontologia.<\/p>\n<p><strong>Datas: <\/strong><\/p>\n<p>15 de janeiro de 2024\u00a0 (segunda-feira)\u00a0 das\u00a0 18h \u00e0s 22h via Google Meet.<\/p>\n<p>16 de janeiro de 2024 (ter\u00e7a-feira) das 8h \u00e0s 18h no Centro de Ensino e Simula\u00e7\u00e3o em Sa\u00fade &#8211; JF(Presencial).<\/p>\n<p><b>Carga Hor\u00e1ria Total: <\/b><span style=\"font-weight: 400\">20 horas\u00a0<\/span><\/p>\n<p><strong>N\u00famero de Participantes:<\/strong> At\u00e9 25 Participantes<\/p>\n<p><strong>Certifica\u00e7\u00e3o:<\/strong> Ser\u00e1 fornecido certificado de participa\u00e7\u00e3o para todos os alunos que completarem no m\u00ednimo 75% da carga hor\u00e1ria do curso.<\/p>\n<p><b>Temas Abordados:<\/b><span style=\"font-weight: 400\"><br \/>\n<\/span><b>M\u00f3dulo 1<\/b><span style=\"font-weight: 400\">:\u00a0Suporte b\u00e1sico de vida em situa\u00e7\u00f5es de emerg\u00eancias\u00a0 no consult\u00f3rio odontol\u00f3gico.<\/span><\/p>\n<p><b>Unidade I &#8211; Suporte B\u00e1sico de Vida<\/b><\/p>\n<p><span style=\"font-weight: 400\">Avalia\u00e7\u00e3o Inicial da v\u00edtima<\/span><\/p>\n<p><span style=\"font-weight: 400\">&#8211; Parada Respirat\u00f3ria e\u00a0 Cardiorrespirat\u00f3ria\u00a0<\/span><\/p>\n<ul>\n<li><b>Esta\u00e7\u00e3o pr\u00e1tica simulada 01: <\/b><span style=\"font-weight: 400\">T\u00e9cnicas e demonstra\u00e7\u00e3o de abertura da via a\u00e9rea e oxigenoterapia;<\/span><\/li>\n<\/ul>\n<p><span style=\"font-weight: 400\">&#8211; Parada Cardiorrespirat\u00f3ria (PCR);\u00a0<\/span><\/p>\n<ul>\n<li><b>Esta\u00e7\u00e3o pr\u00e1tica simulada 02: <\/b><span style=\"font-weight: 400\">Reanima\u00e7\u00e3o Cardiopulmonar e uso do Desfibrilador Externo Autom\u00e1tico (DEA);<\/span><\/li>\n<\/ul>\n<p><b>Unidade II &#8211; Emerg\u00eancias Cl\u00ednicas no Consult\u00f3rio Odontol\u00f3gico<\/b><\/p>\n<ul>\n<li><span style=\"font-weight: 400\"> Pico Hipertensivo<\/span><\/li>\n<li><span style=\"font-weight: 400\"> Ansiedade<\/span><\/li>\n<li><span style=\"font-weight: 400\"> Lipot\u00edmia e s\u00edncope<\/span><\/li>\n<li><span style=\"font-weight: 400\"> Rea\u00e7\u00f5es al\u00e9rgicas<\/span><\/li>\n<li><span style=\"font-weight: 400\"> Hipoglicemia<\/span><\/li>\n<li><span style=\"font-weight: 400\"> Infarto Agudo do Mioc\u00e1rdio (IAM)<\/span><\/li>\n<li><span style=\"font-weight: 400\"> Acidente Vascular Cerebral (AVC)<\/span><\/li>\n<li><span style=\"font-weight: 400\"> Convuls\u00f5es<\/span><\/li>\n<\/ul>\n<p><b>Unidade III &#8211; Farmacologia em Emerg\u00eancias no Consult\u00f3rio Odontol\u00f3gico<\/b><\/p>\n<p><b>Unidade IV &#8211; Pr\u00e1ticas de Injet\u00e1veis em Emerg\u00eancias no Consult\u00f3rio Odontol\u00f3gico<\/b><\/p>\n<p><b>Esta\u00e7\u00e3o Pr\u00e1tica Simulada 1: <\/b><span style=\"font-weight: 400\">Via intrad\u00e9rmica<\/span><\/p>\n<p><b>Esta\u00e7\u00e3o Pr\u00e1tica Simulada 2: <\/b><span style=\"font-weight: 400\">Via subcut\u00e2nea e intramuscular<\/span><\/p>\n<p><b>Esta\u00e7\u00e3o Pr\u00e1tica Simulada 3:<\/b>Pun\u00e7\u00e3o venosa perif\u00e9rica na coleta de sangue para obten\u00e7\u00e3o de Plasma Rico em Fibrina- PRF<\/p>\n<p><b>Simula\u00e7\u00e3o Cl\u00ednica: <\/b><span style=\"font-weight: 400\">Emerg\u00eancias Cl\u00ednicas no Consult\u00f3rio Odontol\u00f3gico.<\/span><\/p>\n<p><b>Metodologia:<\/b><span style=\"font-weight: 400\">\u00a0Metodologias Ativas e Inovadoras, Esta\u00e7\u00f5es Pr\u00e1ticas de Farmacologia, Simulador de M\u00e9dia Fidelidade, Gamifica\u00e7\u00f5es e Casos Cl\u00ednicos Aplicados \u00e0 Pr\u00e1tica.<\/span><\/p>\n<p><b>Facilitadores:<\/b><\/p>\n<p><b>Dra. Taciana Maia<\/b><\/p>\n<p><span style=\"font-weight: 400\">Enfermeira do Instituto Dr. Jos\u00e9 Frota \u2013 IJF.<\/span><span style=\"font-weight: 400\"><br \/>\n<\/span><span style=\"font-weight: 400\">Mestre e Doutora em Farmacologia pela Universidade Federal do Cear\u00e1 &#8211; UFC. Docente do Centro Universit\u00e1rio Christus Lidera o Grupo de Ensino e Pesquisa Multidisciplinar de Fisio-farmacologia Cl\u00ednica e Metabolismo Energ\u00e9tico \u2013 FIFAME.<\/span><\/p>\n<p><b>\u00a0Esp. Ac\u00e1ssio Ferreira<\/b><\/p>\n<p><span style=\"font-weight: 400\">Graduado em Enfermagem pelo Centro Universit\u00e1rio Est\u00e1cio do Cear\u00e1. Especialista em Terapia Vascular pela <\/span><i><span style=\"font-weight: 400\">Universit\u00e8<\/span><\/i><span style=\"font-weight: 400\"> Paris Descartes V. P\u00f3s- graduando Urg\u00eancia e Emerg\u00eancia pela JF Servi\u00e7os Educacionais em Sa\u00fade. P\u00f3s- graduado em Acessos Vasculares e Terapia Infusional e habilitado para inser\u00e7\u00e3o de PICC pelo Hospital Israelita de Ensino e Pesquisa Albert Einstein. T\u00e9cnico de Laborat\u00f3rio em An\u00e1lises Cl\u00ednicas. Pesquisador com \u00eanfase nas linhas de pesquisas na \u00e1rea de tecnologias educacionais para enfermagem, constru\u00e7\u00e3o e valida\u00e7\u00e3o de tecnologias educacionais.<\/span><\/p>\n<p><b>Ms. Wilcilene Oliveira<\/b><\/p>\n<p><span style=\"font-weight: 400\">Enfermeira. Mestre em Enfermagem (Mestrado Profissional em Tecnologia e Inova\u00e7\u00e3o em Enfermagem) \u2013 UNIFOR. Instrutora em Simula\u00e7\u00e3o Cl\u00ednica e Real\u00edstica (Leardal Medical e Area Training &amp; Consulting). Facilitadora no N\u00facleo de Educa\u00e7\u00e3o\u00a0 Permanente (SAMU FORTALEZA).\u00a0<\/span><\/p>\n<p><b>Dra. Julyana Freitas<\/b><\/p>\n<p><span style=\"font-weight: 400\">Enfermeira pela Universidade Federal do Cear\u00e1 (2008). Mestrado e Doutorado pela Universidade Federal do Cear\u00e1 (2011\/2013). Especialista em Urg\u00eancia e Emerg\u00eancia pela ESP (Escola de Sa\u00fade P\u00fablica (2013). Especialista em Linhas de Cuidado em Enfermagem (Urg\u00eancia e Emerg\u00eancia) pela UFSC (Universidade de Santa Catarina)\/2014. Enfermeira Assistencial Servi\u00e7o de Atendimento M\u00f3vel (SAMU\/Fortaleza)\/2012 a 2014. Enfermeira Preceptora do N\u00facleo de Educa\u00e7\u00e3o Permanente do Servi\u00e7o de Atendimento M\u00f3vel (SAMU\/Fortaleza)\/2012 a 2014 e 2019\/2021. Enfermeira Assistencial na Unidade de Pronto Atendimento (UPA Canindezinho)\/2013 a 2015. Docente da Universidade de Fortaleza (UNIFOR) (2013\/atual). CEO do Centro de Ensino e Simula\u00e7\u00e3o em Sa\u00fade JF (2018\/atual). Especialista em Simula\u00e7\u00e3o Cl\u00ednica da Escola de Sa\u00fade P\u00fablica (ESP\/CE) (2021\/ atual).<\/span><\/p>\n<p><b>Dr. Eug\u00eanio Franco<\/b><\/p>\n<p><span style=\"font-weight: 400\">Especialista em Medicina de Emerg\u00eancia pela Escola de Sa\u00fade P\u00fablica do Cear\u00e1. Entusiasta do ensino m\u00e9dico, produz conte\u00fado digital nas redes sociais para propaga\u00e7\u00e3o do ensino em Medicina de Emerg\u00eancia e Ministra programa de treinamento em abordagem cir\u00fargica das vias a\u00e9reas para m\u00e9dicos e estudantes de medicina. Atualmente atua como Instrutor dos programas ATLS (Advanced Trauma Life Support) e PHTLS (Pre-hospital Trauma Life Support), M\u00e9dico da Unidade de Cuidados Intermedi\u00e1rios da Emerg\u00eancia do Hospital Otocl\u00ednica, Coordenador m\u00e9dico do Servi\u00e7o OTO de Medicina Assistencial e Resposta R\u00e1pida &#8211; SOMARR do Hospital Otocl\u00ednica e plantonista da Sala de Reanima\u00e7\u00e3o Cardiopulmonar do Hospital Geral de Fortaleza e Instituto Doutor Jos\u00e9 Frota. J\u00e1 atuou como m\u00e9dico interventor e regulador do Servi\u00e7o de Atendimento M\u00f3vel de Urg\u00eancia &#8211; SAMU 192 Regional Fortaleza, Coordenador M\u00e9dico do TRR da Santa Casa de Fortaleza, Coordenador M\u00e9dico do TRR e M\u00e9dico Plantonista da Sala de Reanima\u00e7\u00e3o Cardiopulmonar do Hospital Dr. Carlos Alberto Studart Gomes bem como preceptor das Resid\u00eancias M\u00e9dicas em Medicina de Emerg\u00eancia do Hospital Instituto Dr. Jos\u00e9 Frota e da Escola de Sa\u00fade P\u00fablica &#8211; ESP CE.<\/span><\/p>\n<p><b>Investimento:\u00a0<\/b><\/p>\n<p>R$ 399,00 (Trezentos e noventa e nove reais)<\/p>\n<p><strong>ORIENTA\u00c7\u00d5ES GERAIS<\/strong><\/p>\n<p>CURSOS LIVRES<\/p>\n<ol>\n<li>As inscri\u00e7\u00f5es ser\u00e3o realizadas at\u00e9 o \u00faltimo dia \u00fatil que antecede a data de in\u00edcio do curso, e se houver vaga. Caso a quantidade de pagantes ultrapasse o n\u00famero de vagas, o valor integral ser\u00e1 devolvido ao \u00faltimo participante inscrito;<\/li>\n<li>A realiza\u00e7\u00e3o do curso est\u00e1 sujeita a forma\u00e7\u00e3o de turma, com n\u00famero igual ou superior aos gastos estipulados pela empresa. A n\u00e3o forma\u00e7\u00e3o de turma est\u00e1 sujeita a devolu\u00e7\u00e3o do valor integral de da inscri\u00e7\u00e3o;<\/li>\n<li>A desist\u00eancia dever\u00e1 ser comunicada por e-mail (<a href=\"mailto:jf@jfservicoseducacionais.com.br\">jf@jfservicoseducacionais.com.br<\/a>) at\u00e9 72(setenta e duas) horas antes do in\u00edcio do curso. Ap\u00f3s esse prazo ser\u00e1 devolvido 70% (setenta por cento) do valor e ap\u00f3s o in\u00edcio do curso n\u00e3o h\u00e1 devolu\u00e7\u00e3o e\/ou estorno. No e-mail deve ser informado os dados banc\u00e1rios do aluno com o devido CPF e nome completo, e anexado o comprovante de pagamento para devolu\u00e7\u00e3o e\/ou estorno no caso de pagamento por meio de cart\u00e3o de cr\u00e9dito. A devolu\u00e7\u00e3o e\/ou estorno ser\u00e1 feita at\u00e9 3 (tr\u00eas) dias \u00fateis ap\u00f3s o recebimento do e-mail.<\/li>\n<\/ol>\n<p>&nbsp;<\/p>\n<p><strong>Dra. Julyana Freitas<br \/>\n<\/strong>Dire\u00e7\u00e3o Geral<\/p>\n","protected":false},"excerpt":{"rendered":"<p><strong>TURMA 02<br \/>\nDatas: <\/strong><\/p>\n<p><strong>Datas: <\/strong><\/p>\n<p>15 de janeiro de 2024\u00a0 (segunda-feira)\u00a0 das\u00a0 18h \u00e0s 22h via Google Meet.<\/p>\n<p>16 de janeiro de 2024 (ter\u00e7a-feira) das 8h \u00e0s 18h no Centro de Ensino e Simula\u00e7\u00e3o em Sa\u00fade &#8211; JF(Presencial).<\/p>\n","protected":false},"featured_media":10437,"comment_status":"open","ping_status":"closed","template":"","meta":{"_acf_changed":false},"product_brand":[],"product_cat":[146],"product_tag":[],"class_list":{"0":"post-10438","1":"product","2":"type-product","3":"status-publish","4":"has-post-thumbnail","6":"product_cat-livre-realizados","8":"first","9":"outofstock","10":"shipping-taxable","11":"purchasable","12":"product-type-simple"},"acf":[],"_links":{"self":[{"href":"https:\/\/jfsimulacaosaude.com.br\/site\/wp-json\/wp\/v2\/product\/10438","targetHints":{"allow":["GET"]}}],"collection":[{"href":"https:\/\/jfsimulacaosaude.com.br\/site\/wp-json\/wp\/v2\/product"}],"about":[{"href":"https:\/\/jfsimulacaosaude.com.br\/site\/wp-json\/wp\/v2\/types\/product"}],"replies":[{"embeddable":true,"href":"https:\/\/jfsimulacaosaude.com.br\/site\/wp-json\/wp\/v2\/comments?post=10438"}],"wp:featuredmedia":[{"embeddable":true,"href":"https:\/\/jfsimulacaosaude.com.br\/site\/wp-json\/wp\/v2\/media\/10437"}],"wp:attachment":[{"href":"https:\/\/jfsimulacaosaude.com.br\/site\/wp-json\/wp\/v2\/media?parent=10438"}],"wp:term":[{"taxonomy":"product_brand","embeddable":true,"href":"https:\/\/jfsimulacaosaude.com.br\/site\/wp-json\/wp\/v2\/product_brand?post=10438"},{"taxonomy":"product_cat","embeddable":true,"href":"https:\/\/jfsimulacaosaude.com.br\/site\/wp-json\/wp\/v2\/product_cat?post=10438"},{"taxonomy":"product_tag","embeddable":true,"href":"https:\/\/jfsimulacaosaude.com.br\/site\/wp-json\/wp\/v2\/product_tag?post=10438"}],"curies":[{"name":"wp","href":"https:\/\/api.w.org\/{rel}","templated":true}]}}