{"id":10436,"date":"2024-03-28T17:17:00","date_gmt":"2024-03-28T20:17:00","guid":{"rendered":"https:\/\/jfsimulacaosaude.com.br\/site\/product\/alta-performance-em-farmacologia-aplicada-a-saude\/"},"modified":"2024-04-08T11:51:42","modified_gmt":"2024-04-08T14:51:42","slug":"alta-performance-em-farmacologia-aplicada-a-saude","status":"publish","type":"product","link":"https:\/\/jfsimulacaosaude.com.br\/site\/produto\/alta-performance-em-farmacologia-aplicada-a-saude\/","title":{"rendered":"Alta Performance em Farmacologia Aplicada \u00e0 Sa\u00fade"},"content":{"rendered":"<p><strong>Objetivo do curso:<\/strong> Desenvolver habilidades cognitivas, analisar intera\u00e7\u00f5es medicamentosas, assim como conhecer farmacodinamica e farmacocinetica dos f\u00e1rmacos. Utilizando de Metodologias Ativas e Inovadoras, Esta\u00e7\u00f5es Pr\u00e1ticas de Farmacologia, Simulador de m\u00e9dia Fidelidade, Gamifica\u00e7\u00f5es e Casos Cl\u00ednicos Aplicados \u00e0 pr\u00e1tica.<\/p>\n<p><strong>P\u00fablico Alvo:<\/strong> Profissionais da Sa\u00fade e acad\u00eamicos.<\/p>\n<p><strong>Carga Hor\u00e1ria:<\/strong> 60H<\/p>\n<p><strong>N\u00famero de Participantes:<\/strong> 40 Participantes<\/p>\n<p><strong>Certifica\u00e7\u00e3o:<\/strong> Ser\u00e1 fornecido certificado de participa\u00e7\u00e3o para todos os alunos que completarem no m\u00ednimo 75% da carga hor\u00e1ria do curso.<\/p>\n<p><strong>Temas Abordados:<\/strong><br \/>\n&#8211; Introdu\u00e7\u00e3o a farmacologia;<br \/>\n&#8211; Farmacodin\u00e2mica;<br \/>\n&#8211; Farmacocin\u00e9tica;<br \/>\n&#8211; Princ\u00edpio ativo dos f\u00e1rmacos;<br \/>\n&#8211; Intera\u00e7\u00f5es medicamentosas;<br \/>\n&#8211; Farmacologia Aplicada \u00e0 Cl\u00ednica M\u00e9dica;<br \/>\n&#8211; Farmacologia Avan\u00e7ada.<\/p>\n","protected":false},"excerpt":{"rendered":"<p><strong>Temas Abordados:<\/strong><br \/>\n&#8211; Introdu\u00e7\u00e3o a farmacologia;<br \/>\n&#8211; Farmacodin\u00e2mica;<br \/>\n&#8211; Farmacocin\u00e9tica;<br \/>\n&#8211; Princ\u00edpio ativo dos f\u00e1rmacos;<br \/>\n&#8211; Intera\u00e7\u00f5es medicamentosas;<br \/>\n&#8211; Farmacologia Aplicada \u00e0 Cl\u00ednica M\u00e9dica;<br \/>\n&#8211; Farmacologia Avan\u00e7ada.<\/p>\n","protected":false},"featured_media":10435,"comment_status":"open","ping_status":"closed","template":"","meta":{"_acf_changed":false},"product_brand":[],"product_cat":[146],"product_tag":[],"class_list":{"0":"post-10436","1":"product","2":"type-product","3":"status-publish","4":"has-post-thumbnail","6":"product_cat-livre-realizados","8":"first","9":"outofstock","10":"shipping-taxable","11":"product-type-simple"},"acf":[],"_links":{"self":[{"href":"https:\/\/jfsimulacaosaude.com.br\/site\/wp-json\/wp\/v2\/product\/10436","targetHints":{"allow":["GET"]}}],"collection":[{"href":"https:\/\/jfsimulacaosaude.com.br\/site\/wp-json\/wp\/v2\/product"}],"about":[{"href":"https:\/\/jfsimulacaosaude.com.br\/site\/wp-json\/wp\/v2\/types\/product"}],"replies":[{"embeddable":true,"href":"https:\/\/jfsimulacaosaude.com.br\/site\/wp-json\/wp\/v2\/comments?post=10436"}],"wp:featuredmedia":[{"embeddable":true,"href":"https:\/\/jfsimulacaosaude.com.br\/site\/wp-json\/wp\/v2\/media\/10435"}],"wp:attachment":[{"href":"https:\/\/jfsimulacaosaude.com.br\/site\/wp-json\/wp\/v2\/media?parent=10436"}],"wp:term":[{"taxonomy":"product_brand","embeddable":true,"href":"https:\/\/jfsimulacaosaude.com.br\/site\/wp-json\/wp\/v2\/product_brand?post=10436"},{"taxonomy":"product_cat","embeddable":true,"href":"https:\/\/jfsimulacaosaude.com.br\/site\/wp-json\/wp\/v2\/product_cat?post=10436"},{"taxonomy":"product_tag","embeddable":true,"href":"https:\/\/jfsimulacaosaude.com.br\/site\/wp-json\/wp\/v2\/product_tag?post=10436"}],"curies":[{"name":"wp","href":"https:\/\/api.w.org\/{rel}","templated":true}]}}