{"id":10434,"date":"2024-03-28T17:16:49","date_gmt":"2024-03-28T20:16:49","guid":{"rendered":"https:\/\/jfsimulacaosaude.com.br\/site\/product\/alta-performance-na-sala-vermelha\/"},"modified":"2024-04-02T15:22:24","modified_gmt":"2024-04-02T18:22:24","slug":"alta-performance-na-sala-vermelha","status":"publish","type":"product","link":"https:\/\/jfsimulacaosaude.com.br\/site\/produto\/alta-performance-na-sala-vermelha\/","title":{"rendered":"Alta Performance na Sala Vermelha"},"content":{"rendered":"<p><strong>\u00a0Turma 06<\/strong><\/p>\n<p>Objetivo do curso: Preparar o aluno para atuar com alta performance na sala vermelha, seja no atendimento ao paciente durante situa\u00e7\u00f5es de emerg\u00eancias , quanto nos seus cuidados secund\u00e1rios e continuidade do atendimento ao paciente cr\u00edtico atrav\u00e9s de Metodologias Ativas, Gamifica\u00e7\u00e3o e Casos Cl\u00ednicos.<\/p>\n<p><strong>P\u00fablico Alvo:<\/strong> Profissionais da Sa\u00fade e acad\u00eamicos.<\/p>\n<p><strong>Carga Hor\u00e1ria:<\/strong> 80H<\/p>\n<p><strong>Certifica\u00e7\u00e3o:<\/strong> Ser\u00e1 fornecido certificado de participa\u00e7\u00e3o para todos os alunos que completarem no m\u00ednimo 75% da carga hor\u00e1ria do curso.<\/p>\n<p><strong>Temas Abordados:<\/strong><\/p>\n<ul>\n<li><b>M\u00f3dulo 01: <\/b><span class=\"selectable-text copyable-text\">Gasometria e Ventila\u00e7\u00e3o Mec\u00e2nica<\/span><span style=\"font-weight: 400;\"><span style=\"font-weight: 400;\"> &#8211; Dra. Julyana Freitas e Dr. David Maciel.<\/span><\/span><span style=\"font-weight: 400;\"><br \/>\n<strong>Datas: <\/strong>25 de fevereiro de 2023<br \/>\n<strong>S\u00e1bado:<\/strong> 8h \u00e0s 18h (Centro de Simula\u00e7\u00e3o JF &#8211; Rua Ab\u00edlio Martins, 900 &#8211; Parquel\u00e2ndia)<br \/>\nQuer fazer apenas o<strong> <b>m\u00f3dulo 1? <a href=\"https:\/\/jfservicoseducacionais.com.br\/produto\/gasometria-e-ventilacao-mecanica\/\">Clica aqui<\/a><\/b><\/strong><\/span><\/li>\n<li><b>M\u00f3dulo 02: <\/b>Pr\u00e1ticas Avan\u00e7adas na Emerg\u00eancia\u00a0<span style=\"font-weight: 400;\"> (20h) &#8211; Esp. Jean Carlos e Dr. Eug\u00eanio Franco<br \/>\n<strong>Datas: <\/strong>26 de fevereiro de 2023\u00a0<\/span><span style=\"font-weight: 400;\"><br \/>\n<strong>Domingo:<\/strong> 8h \u00e0s 18h (Centro de Simula\u00e7\u00e3o JF &#8211; Rua Ab\u00edlio Martins, 900 &#8211; Parquel\u00e2ndia)<br \/>\nQuer fazer apenas <\/span>o <span style=\"font-weight: 400;\"><strong>m\u00f3dulo 2<\/strong>? <a href=\"https:\/\/jfservicoseducacionais.com.br\/index.php\/produto\/praticas-avancadas-na-emergencia\/\">Clica aqui\u00a0<\/a><\/span><b><\/b><\/li>\n<li><b>M\u00f3dulo 03: <\/b><span class=\"selectable-text copyable-text\">Manejo da Parada Cardiorrespirat\u00f3ria e Suporte Avan\u00e7ado de Vid<\/span><span class=\"selectable-text copyable-text\">a<\/span> (20h) &#8211; Esp. Jean Carlos. e Prof Ed\u00edlson J\u00fanior<br \/>\n<strong>Datas:\u00a0<\/strong>18 de mar\u00e7o de 2023<br \/>\n<strong>Domingo:<\/strong> 8h \u00e0s 18h (Centro de Simula\u00e7\u00e3o JF &#8211; Rua Ab\u00edlio Martins, 900 &#8211; Parquel\u00e2ndia)<br \/>\nQuer fazer apenas o <span style=\"font-weight: 400;\"><strong><b>m\u00f3dulo 3? <a href=\"https:\/\/jfservicoseducacionais.com.br\/produto\/manejo-de-parada-cardiorespiratoria\/\">Clica aqui<\/a>\u00a0<\/b><\/strong><\/span><b><\/b><\/li>\n<li><b>M\u00f3dulo 04:<\/b><span class=\"selectable-text copyable-text\">Imaginologia e Monitoriza\u00e7\u00e3o Hemodin\u00e2mica<\/span> (20h) &#8211; Ms. Raphael Colares de S\u00e1.<b><span style=\"font-weight: 400;\"><br \/>\n<strong>Datas: <\/strong><\/span><\/b><span style=\"font-weight: 400;\">19<\/span><span style=\"font-weight: 400;\"> de mar\u00e7o de 2023<\/span><b><span style=\"font-weight: 400;\"><br \/>\n<strong>S\u00e1bado:<\/strong> 8h \u00e0s 18h (Centro de Simula\u00e7\u00e3o JF &#8211; Rua Ab\u00edlio Martins, 900 &#8211; Parquel\u00e2ndia)<br \/>\nQuer fazer apenas o <\/span><\/b>\u00a0<strong>m\u00f3dulo 4<\/strong>? <span style=\"font-weight: 400;\"><a href=\"https:\/\/jfservicoseducacionais.com.br\/index.php\/produto\/imaginologia-e-monitorizacao-hemodinamica\/\">Clica aqui<\/a><\/span><\/li>\n<\/ul>\n<p>OBS: Os conte\u00fados te\u00f3ricos ser\u00e3o disponibilizados\u00a0 atrav\u00e9s da nossa plataforma EAD.<\/p>\n<p><strong>Investimento<\/strong><br \/>\nR$ 1.199,00 (hum mil cento e noventa e nove reais)<\/p>\n<p>*Acad\u00eamicos da sa\u00fade e t\u00e9cnicos de enfermagem ter\u00e3o direito a 20% de desconto. Para isso \u00e9 necess\u00e1rio entrar em contato com a JF Servi\u00e7os Educacionais em Sa\u00fade e enviar um comprovante no WhatsApp (85) 98832.7305.<\/p>\n<p>*Os descontos concedidos n\u00e3o s\u00e3o cumulativos.<\/p>\n<p><strong>ORIENTA\u00c7\u00d5ES GERAIS<\/strong><\/p>\n<p>CURSOS LIVRES<\/p>\n<ol>\n<li>As inscri\u00e7\u00f5es ser\u00e3o realizadas at\u00e9 o \u00faltimo dia \u00fatil que antecede a data de in\u00edcio do curso, e se houver vaga. Caso a quantidade de pagantes ultrapasse o n\u00famero de vagas, o valor integral ser\u00e1 devolvido ao \u00faltimo participante inscrito;<\/li>\n<li>A realiza\u00e7\u00e3o do curso est\u00e1 sujeita a forma\u00e7\u00e3o de turma, com n\u00famero igual ou superior aos gastos estipulados pela empresa. A n\u00e3o forma\u00e7\u00e3o de turma est\u00e1 sujeita a devolu\u00e7\u00e3o do valor integral de da inscri\u00e7\u00e3o;<\/li>\n<li>A desist\u00eancia dever\u00e1 ser comunicada por e-mail (<a href=\"mailto:jf@jfservicoseducacionais.com.br\">jf@jfservicoseducacionais.com.br<\/a>) at\u00e9 72(setenta e duas) horas antes do in\u00edcio do curso. Ap\u00f3s esse prazo ser\u00e1 devolvido 70% (setenta por cento) do valor e ap\u00f3s o in\u00edcio do curso n\u00e3o h\u00e1 devolu\u00e7\u00e3o e\/ou estorno. No e-mail deve ser informado os dados banc\u00e1rios do aluno com o devido CPF e nome completo, e anexado o comprovante de pagamento para devolu\u00e7\u00e3o e\/ou estorno no caso de pagamento por meio de cart\u00e3o de cr\u00e9dito. A devolu\u00e7\u00e3o e\/ou estorno ser\u00e1 feita at\u00e9 3 (tr\u00eas) dias \u00fateis ap\u00f3s o recebimento do e-mail.<\/li>\n<\/ol>\n<p><strong>ORIENTA\u00c7\u00d5ES ESPEC\u00cdFICAS<\/strong><\/p>\n<ol>\n<li>As aulas remotas ser\u00e3o as sextas-feiras (ver cronograma). In\u00edcio: 18h \/ T\u00e9rmino: 22h;<\/li>\n<li>As aulas EAD (plataforma Google Classroom) ficar\u00e3o dispon\u00edveis no per\u00edodo do curso de realiza\u00e7\u00e3o do curso, bem como as aulas remotas que ser\u00e3o enviadas (link privado) para o e-mail cadastrado de cada aluno inscrito, sabendo que n\u00e3o \u00e9 permitido compartilhar este conte\u00fado a terceiros;<\/li>\n<li>Para o recebimento do certificado, \u00e9 necess\u00e1rio a participa\u00e7\u00e3o m\u00ednima em 75% das aulas remotas, presenciais e EAD.<\/li>\n<\/ol>\n<p>&nbsp;<\/p>\n<p><strong>Dra. Julyana Freitas<br \/>\n<\/strong>Dire\u00e7\u00e3o Geral<\/p>\n","protected":false},"excerpt":{"rendered":"<p><strong>Turma 06<br \/>\nObjetivo do curso:<\/strong> Preparar o aluno para atuar com alta performance na sala vermelha, seja no atendimento ao paciente durante situa\u00e7\u00f5es de emerg\u00eancias , quanto nos seus cuidados secund\u00e1rios e continuidade do atendimento ao paciente cr\u00edtico atrav\u00e9s de Metodologias Ativas, Gamifica\u00e7\u00e3o e Casos Cl\u00ednicos.<\/p>\n<p>&nbsp;<\/p>\n","protected":false},"featured_media":10433,"comment_status":"open","ping_status":"closed","template":"","meta":{"_acf_changed":false},"product_brand":[],"product_cat":[146],"product_tag":[],"class_list":{"0":"post-10434","1":"product","2":"type-product","3":"status-publish","4":"has-post-thumbnail","6":"product_cat-livre-realizados","8":"first","9":"outofstock","10":"shipping-taxable","11":"product-type-simple"},"acf":[],"_links":{"self":[{"href":"https:\/\/jfsimulacaosaude.com.br\/site\/wp-json\/wp\/v2\/product\/10434","targetHints":{"allow":["GET"]}}],"collection":[{"href":"https:\/\/jfsimulacaosaude.com.br\/site\/wp-json\/wp\/v2\/product"}],"about":[{"href":"https:\/\/jfsimulacaosaude.com.br\/site\/wp-json\/wp\/v2\/types\/product"}],"replies":[{"embeddable":true,"href":"https:\/\/jfsimulacaosaude.com.br\/site\/wp-json\/wp\/v2\/comments?post=10434"}],"wp:featuredmedia":[{"embeddable":true,"href":"https:\/\/jfsimulacaosaude.com.br\/site\/wp-json\/wp\/v2\/media\/10433"}],"wp:attachment":[{"href":"https:\/\/jfsimulacaosaude.com.br\/site\/wp-json\/wp\/v2\/media?parent=10434"}],"wp:term":[{"taxonomy":"product_brand","embeddable":true,"href":"https:\/\/jfsimulacaosaude.com.br\/site\/wp-json\/wp\/v2\/product_brand?post=10434"},{"taxonomy":"product_cat","embeddable":true,"href":"https:\/\/jfsimulacaosaude.com.br\/site\/wp-json\/wp\/v2\/product_cat?post=10434"},{"taxonomy":"product_tag","embeddable":true,"href":"https:\/\/jfsimulacaosaude.com.br\/site\/wp-json\/wp\/v2\/product_tag?post=10434"}],"curies":[{"name":"wp","href":"https:\/\/api.w.org\/{rel}","templated":true}]}}