{"id":10432,"date":"2024-03-28T17:16:44","date_gmt":"2024-03-28T20:16:44","guid":{"rendered":"https:\/\/jfsimulacaosaude.com.br\/site\/product\/alta-performance-em-metodologia-da-pesquisa-cientifica-na-saude\/"},"modified":"2024-04-08T12:00:46","modified_gmt":"2024-04-08T15:00:46","slug":"alta-performance-em-metodologia-da-pesquisa-cientifica-na-saude","status":"publish","type":"product","link":"https:\/\/jfsimulacaosaude.com.br\/site\/produto\/alta-performance-em-metodologia-da-pesquisa-cientifica-na-saude\/","title":{"rendered":"Alta Performance em Metodologia da Pesquisa Cient\u00edfica na Sa\u00fade"},"content":{"rendered":"<p><strong>Objetivo do curso:<\/strong> Estimular o aprendizado sobre m\u00e9todos cient\u00edficos, desenvolver projetos de pesquisa e artigos cient\u00edficos com maior rigor metodol\u00f3gico, preparar o profissional para a vida dentro da pesquisa cient\u00edfica (Resumos para eventos, TCC, mestrado, doutorado).<\/p>\n<p><strong>P\u00fablico Alvo<\/strong>: Profissionais da Sa\u00fade e acad\u00eamicos.<\/p>\n<p><strong>Carga Hor\u00e1ria:<\/strong> 80H<\/p>\n<p><strong>Per\u00edodo do Curso:<\/strong>\u00a0 31 de Agosto a Novembro de 2021<br \/>\n<strong>Encontros semanais:<\/strong> nas quintas-feiras das 18h \u00e0s 22 horas (aulas remotas &#8211; via google meet)<\/p>\n<p><strong>N\u00famero de Participantes:<\/strong> 40 participantes<\/p>\n<p><strong>Certifica\u00e7\u00e3o:<\/strong> Ser\u00e1 fornecido certificado de participa\u00e7\u00e3o para todos os alunos que completarem no m\u00ednimo 75% da carga hor\u00e1ria do curso.<\/p>\n<p><strong>Temas Abordados:<\/strong><br \/>\n&#8211; Elabora\u00e7\u00e3o de Curr\u00edculo Lattes e Submiss\u00e3o na Plataforma Lattes;<br \/>\n&#8211; Fundamentos da Pesquisa Baseada em Evid\u00eancias;<br \/>\n&#8211;\u00a0Pesquisas pr\u00e9-cl\u00ednicas e cl\u00ednicas na Enfermagem<br \/>\n&#8211; Elabora\u00e7\u00e3o de projeto cient\u00edfico;<br \/>\n&#8211; Estudos qualitativos I;<br \/>\n&#8211; Estudos qualitativos II;<br \/>\n&#8211; Estudos quantitativos I e Estudos Metodol\u00f3gicos;<br \/>\n&#8211; Estudos quantitativos II;<br \/>\n&#8211; Estudos Quantitativos III (Pesquisa Cl\u00ednica);<br \/>\n&#8211; Eventos cient\u00edficos;<br \/>\n&#8211; No\u00e7\u00f5es gerais de Bioestat\u00edstica;<br \/>\n&#8211; Sele\u00e7\u00f5es de p\u00f3s-gradua\u00e7\u00f5es <em>stricto sensu<\/em>;<br \/>\n&#8211; Produ\u00e7\u00e3o de projeto cient\u00edfico (TCC, disserta\u00e7\u00e3o, tese);<br \/>\n&#8211; Aspectos \u00e9ticos da pesquisa cient\u00edfica e submiss\u00e3o de projetos \u00e0\u00a0 Plataforma Brasil;<br \/>\n&#8211; Como escrever um artigo cient\u00edfico;<br \/>\n&#8211; Defesa de projeto simulado.<\/p>\n<p><strong>Investimento:<\/strong><br \/>\nR$ 280,00 (duzentos e oitenta reais) *<br \/>\n*acad\u00eamico tem desconto de 25%. \u00c9 necess\u00e1rio entrar em contato pelo nosso whatsapp (85) 98832.7305 e apresentar um comprovante.<\/p>\n<p><strong>ORIENTA\u00c7\u00d5ES GERAIS<\/strong><\/p>\n<p>CURSOS LIVRES<\/p>\n<ol>\n<li>As inscri\u00e7\u00f5es ser\u00e3o realizadas at\u00e9 o \u00faltimo dia \u00fatil que antecede a data de in\u00edcio do curso, e se houver vaga. Caso a quantidade de pagantes ultrapasse o n\u00famero de vagas, o valor integral ser\u00e1 devolvido ao \u00faltimo participante inscrito;<\/li>\n<li>A realiza\u00e7\u00e3o do curso est\u00e1 sujeita a forma\u00e7\u00e3o de turma, com n\u00famero igual ou superior aos gastos estipulados pela empresa. A n\u00e3o forma\u00e7\u00e3o de turma est\u00e1 sujeita a devolu\u00e7\u00e3o do valor integral de da inscri\u00e7\u00e3o;<\/li>\n<li>A desist\u00eancia dever\u00e1 ser comunicada por e-mail (<a href=\"mailto:jf@jfservicoseducacionais.com.br\">jf@jfservicoseducacionais.com.br<\/a>) at\u00e9 72(setenta e duas) horas antes do in\u00edcio do curso. Ap\u00f3s esse prazo ser\u00e1 devolvido 70% (setenta por cento) do valor e ap\u00f3s o in\u00edcio do curso n\u00e3o h\u00e1 devolu\u00e7\u00e3o e\/ou estorno. No e-mail deve ser informado os dados banc\u00e1rios do aluno com o devido CPF e nome completo, e anexado o comprovante de pagamento para devolu\u00e7\u00e3o e\/ou estorno no caso de pagamento por meio de cart\u00e3o de cr\u00e9dito. A devolu\u00e7\u00e3o e\/ou estorno ser\u00e1 feita at\u00e9 3 (tr\u00eas) dias \u00fateis ap\u00f3s o recebimento do e-mail.<\/li>\n<\/ol>\n<p>&nbsp;<\/p>\n<p><strong>Dra. Julyana Freitas<br \/>\n<\/strong>Dire\u00e7\u00e3o Geral<\/p>\n","protected":false},"excerpt":{"rendered":"<p><strong>Temas Abordados:<\/strong><br \/>\n&#8211; Elabora\u00e7\u00e3o de Curr\u00edculo Lattes e Submiss\u00e3o na Plataforma Lattes;<br \/>\n&#8211; Fundamentos da Pesquisa Baseada em Evid\u00eancias;<br \/>\n&#8211;\u00a0Pesquisas pr\u00e9-cl\u00ednicas e cl\u00ednicas na Enfermagem<br \/>\n&#8211; Elabora\u00e7\u00e3o de projeto cient\u00edfico;<br \/>\n&#8211; Estudos qualitativos I;<br \/>\n&#8211; Estudos qualitativos II;<br \/>\n&#8211; Estudos quantitativos I e Estudos Metodol\u00f3gicos;<br \/>\n&#8211; Estudos quantitativos II;<br \/>\n&#8211; Estudos Quantitativos III (Pesquisa Cl\u00ednica);<br \/>\n&#8211; Eventos cient\u00edficos;<br \/>\n&#8211; No\u00e7\u00f5es gerais de Bioestat\u00edstica;<br \/>\n&#8211; Sele\u00e7\u00f5es de p\u00f3s-gradua\u00e7\u00f5es <em>stricto sensu<\/em>;<br \/>\n&#8211; Produ\u00e7\u00e3o de projeto cient\u00edfico (TCC, disserta\u00e7\u00e3o, tese);<br \/>\n&#8211; Aspectos \u00e9ticos da pesquisa cient\u00edfica e submiss\u00e3o de projetos \u00e0\u00a0 Plataforma Brasil;<br \/>\n&#8211; Como escrever um artigo cient\u00edfico;<br \/>\n&#8211; Defesa de projeto simulado.<\/p>\n","protected":false},"featured_media":10431,"comment_status":"open","ping_status":"closed","template":"","meta":{"_acf_changed":false},"product_brand":[],"product_cat":[146],"product_tag":[],"class_list":{"0":"post-10432","1":"product","2":"type-product","3":"status-publish","4":"has-post-thumbnail","6":"product_cat-livre-realizados","8":"first","9":"outofstock","10":"shipping-taxable","11":"purchasable","12":"product-type-simple"},"acf":[],"_links":{"self":[{"href":"https:\/\/jfsimulacaosaude.com.br\/site\/wp-json\/wp\/v2\/product\/10432","targetHints":{"allow":["GET"]}}],"collection":[{"href":"https:\/\/jfsimulacaosaude.com.br\/site\/wp-json\/wp\/v2\/product"}],"about":[{"href":"https:\/\/jfsimulacaosaude.com.br\/site\/wp-json\/wp\/v2\/types\/product"}],"replies":[{"embeddable":true,"href":"https:\/\/jfsimulacaosaude.com.br\/site\/wp-json\/wp\/v2\/comments?post=10432"}],"wp:featuredmedia":[{"embeddable":true,"href":"https:\/\/jfsimulacaosaude.com.br\/site\/wp-json\/wp\/v2\/media\/10431"}],"wp:attachment":[{"href":"https:\/\/jfsimulacaosaude.com.br\/site\/wp-json\/wp\/v2\/media?parent=10432"}],"wp:term":[{"taxonomy":"product_brand","embeddable":true,"href":"https:\/\/jfsimulacaosaude.com.br\/site\/wp-json\/wp\/v2\/product_brand?post=10432"},{"taxonomy":"product_cat","embeddable":true,"href":"https:\/\/jfsimulacaosaude.com.br\/site\/wp-json\/wp\/v2\/product_cat?post=10432"},{"taxonomy":"product_tag","embeddable":true,"href":"https:\/\/jfsimulacaosaude.com.br\/site\/wp-json\/wp\/v2\/product_tag?post=10432"}],"curies":[{"name":"wp","href":"https:\/\/api.w.org\/{rel}","templated":true}]}}