{"id":10428,"date":"2024-03-28T17:16:35","date_gmt":"2024-03-28T20:16:35","guid":{"rendered":"https:\/\/jfsimulacaosaude.com.br\/site\/product\/praticas-avancadas-na-emergencia\/"},"modified":"2024-04-02T15:22:44","modified_gmt":"2024-04-02T18:22:44","slug":"praticas-avancadas-na-emergencia","status":"publish","type":"product","link":"https:\/\/jfsimulacaosaude.com.br\/site\/produto\/praticas-avancadas-na-emergencia\/","title":{"rendered":"Pr\u00e1ticas Avan\u00e7adas na Emerg\u00eancia"},"content":{"rendered":"<p><strong>P\u00fablico Alvo:<\/strong>\u00a0Profissionais da Sa\u00fade e acad\u00eamicos.<\/p>\n<p><strong>Carga Hor\u00e1ria:<\/strong>\u00a020H<\/p>\n<p><strong>Datas: 26 de fevereiro 2023<\/strong><br \/>\n<strong>Domingo:<\/strong>\u00a08h \u00e0s 18h (Centro de Simula\u00e7\u00e3o JF \u2013 Rua Ab\u00edlio Martins, 900 \u2013 Parquel\u00e2ndia)<\/p>\n<p>OBS: Os conte\u00fados te\u00f3ricos ser\u00e3o disponibilizados\u00a0 atrav\u00e9s da nossa plataforma EAD.<\/p>\n<p><strong>Certifica\u00e7\u00e3o:<\/strong>\u00a0Ser\u00e1 fornecido certificado de participa\u00e7\u00e3o para todos os alunos que completarem no m\u00ednimo 75% da carga hor\u00e1ria do curso.<\/p>\n<p><strong>Conte\u00fado Program\u00e1tico:<\/strong><br \/>\n1. Anatomia e fisiologia da via a\u00e9rea;<br \/>\n2. Uso de dispositivos adjuntos<br \/>\n2.1: CNF (C\u00e2nula Nasofar\u00edngea) e COF (C\u00e2nula Orofar\u00edngea);<br \/>\n3. Uso de dispositivos de via \u00e9rea avan\u00e7ada<br \/>\n3.1 M\u00e1scara Lar\u00edngea;<br \/>\n3.2 Tubo Lar\u00edngeo;<br \/>\n3.3 TOT (Sequ\u00eancia R\u00e1pida de Intuba\u00e7\u00e3o &#8211; SRI)<br \/>\n4. Via a\u00e9rea cir\u00fargica;<br \/>\n4.1 Cricotireoidostomia por pun\u00e7\u00e3o;<br \/>\n4.2 Cricotireoidostomia cir\u00fargica;<br \/>\n5. Acessos Vasculares;<br \/>\n5.1 Pun\u00e7\u00e3o de Veia Jugular Externa;<br \/>\n5.2 Acesso Intra\u00f3sseo;<br \/>\n6. Laringoscopia direta<br \/>\n6.1 Passagem de sonda por laringoscopia;<br \/>\n6.2 Desobstru\u00e7\u00e3o de via \u00e1rea por laringoscopia com pin\u00e7a de maguil;<\/p>\n<p>Esta\u00e7\u00f5es pr\u00e1ticas:<br \/>\n1) Esta\u00e7\u00e3o pr\u00e1tica de Manejo de Via A\u00e9rea;<br \/>\n2) Esta\u00e7\u00e3o pr\u00e1tica de Cricotireoidostomia por Pun\u00e7\u00e3o;<br \/>\n3) Esta\u00e7\u00e3o de Pun\u00e7\u00e3o de Veia Jugular Externa;<br \/>\n4) Esta\u00e7\u00e3o pr\u00e1tica de Pun\u00e7\u00e3o Intra\u00f3ssea;<\/p>\n<p>OBS: Todo conte\u00fado de acordo com as novas diretrizes do Conselho Federal de Enfermagem:<br \/>\n\u2022 Resolu\u00e7\u00e3o Cofen n\u00ba 641\/2020.<br \/>\n\u2022 Resolu\u00e7\u00e3o Cofen n\u00ba 648\/2020.<\/p>\n<p><b>Facilitadores:<\/b><\/p>\n<p><strong>Esp. Jean Santos\u00a0<\/strong><\/p>\n<p>Graduado em Enfermagem pela Universidade Paulista (UNIP). Especialista em Terapia Intensiva pela UNIFAMETRO. Enfermeiro Assistencial da Emerg\u00eancia do Hospital Aberlardo Gadelha da Rocha (CAUCAIA)., Enfermeiro Assistencial no Servi\u00e7o de Atendimento M\u00f3vel a Urg\u00eancia (SAMU\/Fortaleza).<\/p>\n<p><strong>M\u00e9dico Eug\u00eanio Franco (Doses de Emerg\u00eancia)<\/strong><\/p>\n<p>M\u00e9dico Emergencista (ESP-CE), Instrutor do programa ATLS, Instrutor do programa PHTLS.<\/p>\n<p><strong>Investimento<br \/>\n<\/strong>R$ 349,00 (trezentos e quarenta e nove reais)<\/p>\n<p><strong>ORIENTA\u00c7\u00d5ES GERAIS<\/strong><\/p>\n<p>CURSOS LIVRES<\/p>\n<ol>\n<li>As inscri\u00e7\u00f5es ser\u00e3o realizadas at\u00e9 o \u00faltimo dia \u00fatil que antecede a data de in\u00edcio do curso, e se houver vaga. Caso a quantidade de pagantes ultrapasse o n\u00famero de vagas, o valor integral ser\u00e1 devolvido ao \u00faltimo participante inscrito;<\/li>\n<li>A realiza\u00e7\u00e3o do curso est\u00e1 sujeita a forma\u00e7\u00e3o de turma, com n\u00famero igual ou superior aos gastos estipulados pela empresa. A n\u00e3o forma\u00e7\u00e3o de turma est\u00e1 sujeita a devolu\u00e7\u00e3o do valor integral de da inscri\u00e7\u00e3o;<\/li>\n<li>A desist\u00eancia dever\u00e1 ser comunicada por e-mail (<a href=\"mailto:jf@jfservicoseducacionais.com.br\">jf@jfservicoseducacionais.com.br<\/a>) at\u00e9 72(setenta e duas) horas antes do in\u00edcio do curso. Ap\u00f3s esse prazo ser\u00e1 devolvido 70% (setenta por cento) do valor e ap\u00f3s o in\u00edcio do curso n\u00e3o h\u00e1 devolu\u00e7\u00e3o e\/ou estorno. No e-mail deve ser informado os dados banc\u00e1rios do aluno com o devido CPF e nome completo, e anexado o comprovante de pagamento para devolu\u00e7\u00e3o e\/ou estorno no caso de pagamento por meio de cart\u00e3o de cr\u00e9dito. A devolu\u00e7\u00e3o e\/ou estorno ser\u00e1 feita at\u00e9 3 (tr\u00eas) dias \u00fateis ap\u00f3s o recebimento do e-mail.<\/li>\n<\/ol>\n<p><strong>ORIENTA\u00c7\u00d5ES ESPEC\u00cdFICAS<\/strong><\/p>\n<ol>\n<li>As aulas EAD (plataforma Google Classroom) ficar\u00e3o dispon\u00edveis no per\u00edodo do curso de realiza\u00e7\u00e3o do curso, bem como as aulas remotas que ser\u00e3o enviadas (link privado) para o e-mail cadastrado de cada aluno inscrito, sabendo que n\u00e3o \u00e9 permitido compartilhar este conte\u00fado a terceiros;<\/li>\n<li>Para o recebimento do certificado, \u00e9 necess\u00e1rio a participa\u00e7\u00e3o m\u00ednima em 75% das aulas remotas, presenciais e EAD.<\/li>\n<\/ol>\n<p>&nbsp;<\/p>\n<p><strong>Dra. Julyana Freitas<br \/>\n<\/strong>Dire\u00e7\u00e3o Geral<\/p>\n","protected":false},"excerpt":{"rendered":"<p><strong>Datas:<\/strong> 26 de fevereiro de 2023<br \/>\n<strong>S\u00e1bado:<\/strong>\u00a08h \u00e0s 18h (Centro de Simula\u00e7\u00e3o JF \u2013 Rua Ab\u00edlio Martins, 900 \u2013 Parquel\u00e2ndia)<\/p>\n","protected":false},"featured_media":10427,"comment_status":"open","ping_status":"closed","template":"","meta":{"_acf_changed":false},"product_brand":[],"product_cat":[146],"product_tag":[],"class_list":{"0":"post-10428","1":"product","2":"type-product","3":"status-publish","4":"has-post-thumbnail","6":"product_cat-livre-realizados","8":"first","9":"outofstock","10":"shipping-taxable","11":"product-type-simple"},"acf":[],"_links":{"self":[{"href":"https:\/\/jfsimulacaosaude.com.br\/site\/wp-json\/wp\/v2\/product\/10428","targetHints":{"allow":["GET"]}}],"collection":[{"href":"https:\/\/jfsimulacaosaude.com.br\/site\/wp-json\/wp\/v2\/product"}],"about":[{"href":"https:\/\/jfsimulacaosaude.com.br\/site\/wp-json\/wp\/v2\/types\/product"}],"replies":[{"embeddable":true,"href":"https:\/\/jfsimulacaosaude.com.br\/site\/wp-json\/wp\/v2\/comments?post=10428"}],"wp:featuredmedia":[{"embeddable":true,"href":"https:\/\/jfsimulacaosaude.com.br\/site\/wp-json\/wp\/v2\/media\/10427"}],"wp:attachment":[{"href":"https:\/\/jfsimulacaosaude.com.br\/site\/wp-json\/wp\/v2\/media?parent=10428"}],"wp:term":[{"taxonomy":"product_brand","embeddable":true,"href":"https:\/\/jfsimulacaosaude.com.br\/site\/wp-json\/wp\/v2\/product_brand?post=10428"},{"taxonomy":"product_cat","embeddable":true,"href":"https:\/\/jfsimulacaosaude.com.br\/site\/wp-json\/wp\/v2\/product_cat?post=10428"},{"taxonomy":"product_tag","embeddable":true,"href":"https:\/\/jfsimulacaosaude.com.br\/site\/wp-json\/wp\/v2\/product_tag?post=10428"}],"curies":[{"name":"wp","href":"https:\/\/api.w.org\/{rel}","templated":true}]}}