{"id":10425,"date":"2024-03-28T17:16:25","date_gmt":"2024-03-28T20:16:25","guid":{"rendered":"https:\/\/jfsimulacaosaude.com.br\/site\/product\/manejo-da-parada-cardiorrespiratoria-e-suporte-avancado-de-vida\/"},"modified":"2024-04-02T15:22:50","modified_gmt":"2024-04-02T18:22:50","slug":"manejo-da-parada-cardiorrespiratoria-e-suporte-avancado-de-vida","status":"publish","type":"product","link":"https:\/\/jfsimulacaosaude.com.br\/site\/produto\/manejo-da-parada-cardiorrespiratoria-e-suporte-avancado-de-vida\/","title":{"rendered":"Manejo da Parada Cardiorrespirat\u00f3ria e Suporte Avan\u00e7ado de Vida."},"content":{"rendered":"<p><strong>P\u00fablico Alvo:<\/strong>\u00a0Profissionais da Sa\u00fade e acad\u00eamicos.<\/p>\n<p><strong>Carga Hor\u00e1ria:<\/strong>\u00a020H<\/p>\n<p><strong>Datas:<\/strong><\/p>\n<ul>\n<li><b><span style=\"font-weight: 400;\">18 de mar\u00e7o de 2023<\/span><\/b><\/li>\n<\/ul>\n<p><strong>S\u00e1bado:<\/strong>\u00a08h \u00e0s 18h (Centro de Simula\u00e7\u00e3o JF \u2013 Rua Ab\u00edlio Martins, 900 \u2013 Parquel\u00e2ndia)<\/p>\n<p><strong>OBS<\/strong>: Os conte\u00fados te\u00f3ricos ser\u00e3o disponibilizados\u00a0 atrav\u00e9s da nossa plataforma EAD.<\/p>\n<p><strong>Certifica\u00e7\u00e3o:<\/strong>\u00a0Ser\u00e1 fornecido certificado de participa\u00e7\u00e3o para todos os alunos que completarem no m\u00ednimo 75% da carga hor\u00e1ria do curso.<\/p>\n<p><strong>Conte\u00fado Program\u00e1tico<\/strong><\/p>\n<ul>\n<li style=\"font-weight: 400;\"><span style=\"font-weight: 400;\">Defini\u00e7\u00f5es e epidemiologia da PCR;<\/span><\/li>\n<li style=\"font-weight: 400;\"><span style=\"font-weight: 400;\">Parada Card\u00edaca Intra-hospitalar e Extra-hospitalar;<\/span><\/li>\n<li style=\"font-weight: 400;\"><span style=\"font-weight: 400;\">Correntes de Sobreviv\u00eancia Extra-hospitalar e Intra-hospitalar;<\/span><\/li>\n<li style=\"font-weight: 400;\"><span style=\"font-weight: 400;\">Fisiologia e Ritmos da PCR;<\/span><\/li>\n<li style=\"font-weight: 400;\"><span style=\"font-weight: 400;\">Avalia\u00e7\u00e3o Prim\u00e1ria e Secund\u00e1ria da v\u00edtima de PCR;<\/span><\/li>\n<li style=\"font-weight: 400;\"><span style=\"font-weight: 400;\">Time de Resposta R\u00e1pida;<\/span><\/li>\n<li style=\"font-weight: 400;\"><span style=\"font-weight: 400;\">Farmacologia na PCR;<\/span><\/li>\n<li style=\"font-weight: 400;\"><span style=\"font-weight: 400;\">Algoritmos de PCR;<\/span><\/li>\n<li style=\"font-weight: 400;\"><span style=\"font-weight: 400;\">Cuidados p\u00f3s-PCR;<\/span><\/li>\n<li style=\"font-weight: 400;\"><span style=\"font-weight: 400;\">PCR em popula\u00e7\u00f5es especiais (gestante);<\/span><\/li>\n<\/ul>\n<p><b>Esta\u00e7\u00f5es pr\u00e1ticas:<\/b><\/p>\n<p><span style=\"font-weight: 400;\">1)<\/span> <span style=\"font-weight: 400;\">Esta\u00e7\u00e3o de pr\u00e1tica de Suporte B\u00e1sico de Vida;<\/span><\/p>\n<p><span style=\"font-weight: 400;\">2)<\/span> <span style=\"font-weight: 400;\">Esta\u00e7\u00e3o de Manejo de Via A\u00e9rea na PCR;<\/span><\/p>\n<p><span style=\"font-weight: 400;\">3)<\/span> <span style=\"font-weight: 400;\">Esta\u00e7\u00e3o de uso do cardioversor\/DEA na PCR;<\/span><\/p>\n<p><span style=\"font-weight: 400;\">4)<\/span> <span style=\"font-weight: 400;\">Esta\u00e7\u00e3o de Suporte Avan\u00e7ado de Vida e em PCR.<\/span><\/p>\n<p><b>OBS:<\/b><span style=\"font-weight: 400;\"> Todo conte\u00fado de acordo com as novas diretrizes da AHA 2020 e COVID-19.<\/span><\/p>\n<p><em>A Resolu\u00e7\u00e3o n\u00ba 704\/22 estabelece que \u201c\u00e9 permitido \u00e0 equipe de Enfermagem a utiliza\u00e7\u00e3o do desfibrilador externo autom\u00e1tico (DEA). Na indisponibilidade do DEA, no \u00e2mbito da equipe de Enfermagem, \u00e9 privativo do Enfermeiro, o manejo do desfibrilador manual para ministrar o choque el\u00e9trico\u201d.<\/em><\/p>\n<p><strong>Facilitadores<\/strong><\/p>\n<p><b>Esp. Jean Carlos<\/b><\/p>\n<p><span style=\"font-weight: 400;\">Graduado em Enfermagem pela Universidade Paulista (UNIP). Especialista em Terapia Intensiva pela UNIFAMETRO. Enfermeiro Assistencial da Emerg\u00eancia do Hospital Aberlardo Gadelha da Rocha (CAUCAIA)., Enfermeiro Assistencial no Servi\u00e7o de Atendimento M\u00f3vel a Urg\u00eancia (SAMU\/Fortaleza).<\/span><\/p>\n<p><strong>Prof Ed\u00edlson J\u00fanior<\/strong><br \/>\nCoordenador de Enfermagem<br \/>\ndo Hospital Municipal de Caucaia Abelardo Gadelha da Rocha<\/p>\n<p><strong>Investimento<\/strong><\/p>\n<p>R$ 349,00 (Trezentos e quarenta e nove reais)<\/p>\n<p>*Acad\u00eamicos da sa\u00fade e t\u00e9cnicos de enfermagem ter\u00e3o direito a 20% de desconto. Para isso \u00e9 necess\u00e1rio entrar em contato com a JF Servi\u00e7os Educacionais em Sa\u00fade e enviar um comprovante no WhatsApp (85) 98832.7305.<\/p>\n<p>*Os descontos concedidos n\u00e3o s\u00e3o cumulativos.<\/p>\n<p><strong>ORIENTA\u00c7\u00d5ES GERAIS<\/strong><\/p>\n<p>CURSOS LIVRES<\/p>\n<ol>\n<li>As inscri\u00e7\u00f5es ser\u00e3o realizadas at\u00e9 o \u00faltimo dia \u00fatil que antecede a data de in\u00edcio do curso, e se houver vaga. Caso a quantidade de pagantes ultrapasse o n\u00famero de vagas, o valor integral ser\u00e1 devolvido ao \u00faltimo participante inscrito;<\/li>\n<li>A realiza\u00e7\u00e3o do curso est\u00e1 sujeita a forma\u00e7\u00e3o de turma, com n\u00famero igual ou superior aos gastos estipulados pela empresa. A n\u00e3o forma\u00e7\u00e3o de turma est\u00e1 sujeita a devolu\u00e7\u00e3o do valor integral de da inscri\u00e7\u00e3o;<\/li>\n<li>A desist\u00eancia dever\u00e1 ser comunicada por e-mail (<a href=\"mailto:jf@jfservicoseducacionais.com.br\">jf@jfservicoseducacionais.com.br<\/a>) at\u00e9 72(setenta e duas) horas antes do in\u00edcio do curso. Ap\u00f3s esse prazo ser\u00e1 devolvido 70% (setenta por cento) do valor e ap\u00f3s o in\u00edcio do curso n\u00e3o h\u00e1 devolu\u00e7\u00e3o e\/ou estorno. No e-mail deve ser informado os dados banc\u00e1rios do aluno com o devido CPF e nome completo, e anexado o comprovante de pagamento para devolu\u00e7\u00e3o e\/ou estorno no caso de pagamento por meio de cart\u00e3o de cr\u00e9dito. A devolu\u00e7\u00e3o e\/ou estorno ser\u00e1 feita at\u00e9 3 (tr\u00eas) dias \u00fateis ap\u00f3s o recebimento do e-mail.<\/li>\n<\/ol>\n<p><strong>ORIENTA\u00c7\u00d5ES ESPEC\u00cdFICAS<\/strong><\/p>\n<ol>\n<li>As aulas EAD (plataforma Google Classroom) ficar\u00e3o dispon\u00edveis no per\u00edodo do curso de realiza\u00e7\u00e3o do curso, bem como as aulas remotas que ser\u00e3o enviadas (link privado) para o e-mail cadastrado de cada aluno inscrito, sabendo que n\u00e3o \u00e9 permitido compartilhar este conte\u00fado a terceiros;<\/li>\n<li>Para o recebimento do certificado, \u00e9 necess\u00e1rio a participa\u00e7\u00e3o m\u00ednima em 75% das aulas\u00a0 presenciais.<\/li>\n<\/ol>\n<p>&nbsp;<\/p>\n<p><strong>Dra. Julyana Freitas<br \/>\n<\/strong>Dire\u00e7\u00e3o Geral<\/p>\n","protected":false},"excerpt":{"rendered":"<p><strong>Datas:<\/strong><\/p>\n<ul>\n<li><b><span style=\"font-weight: 400;\">18 de mar\u00e7o de 2023<\/span><\/b><\/li>\n<\/ul>\n<p><strong>S\u00e1bado:<\/strong>\u00a08h \u00e0s 18h (Centro de Simula\u00e7\u00e3o JF \u2013 Rua Ab\u00edlio Martins, 900 \u2013 Parquel\u00e2ndia)<\/p>\n","protected":false},"featured_media":10424,"comment_status":"open","ping_status":"closed","template":"","meta":{"_acf_changed":false},"product_brand":[],"product_cat":[146],"product_tag":[],"class_list":{"0":"post-10425","1":"product","2":"type-product","3":"status-publish","4":"has-post-thumbnail","6":"product_cat-livre-realizados","8":"first","9":"outofstock","10":"shipping-taxable","11":"product-type-simple"},"acf":[],"_links":{"self":[{"href":"https:\/\/jfsimulacaosaude.com.br\/site\/wp-json\/wp\/v2\/product\/10425","targetHints":{"allow":["GET"]}}],"collection":[{"href":"https:\/\/jfsimulacaosaude.com.br\/site\/wp-json\/wp\/v2\/product"}],"about":[{"href":"https:\/\/jfsimulacaosaude.com.br\/site\/wp-json\/wp\/v2\/types\/product"}],"replies":[{"embeddable":true,"href":"https:\/\/jfsimulacaosaude.com.br\/site\/wp-json\/wp\/v2\/comments?post=10425"}],"wp:featuredmedia":[{"embeddable":true,"href":"https:\/\/jfsimulacaosaude.com.br\/site\/wp-json\/wp\/v2\/media\/10424"}],"wp:attachment":[{"href":"https:\/\/jfsimulacaosaude.com.br\/site\/wp-json\/wp\/v2\/media?parent=10425"}],"wp:term":[{"taxonomy":"product_brand","embeddable":true,"href":"https:\/\/jfsimulacaosaude.com.br\/site\/wp-json\/wp\/v2\/product_brand?post=10425"},{"taxonomy":"product_cat","embeddable":true,"href":"https:\/\/jfsimulacaosaude.com.br\/site\/wp-json\/wp\/v2\/product_cat?post=10425"},{"taxonomy":"product_tag","embeddable":true,"href":"https:\/\/jfsimulacaosaude.com.br\/site\/wp-json\/wp\/v2\/product_tag?post=10425"}],"curies":[{"name":"wp","href":"https:\/\/api.w.org\/{rel}","templated":true}]}}