{"id":10423,"date":"2024-03-28T17:16:20","date_gmt":"2024-03-28T20:16:20","guid":{"rendered":"https:\/\/jfsimulacaosaude.com.br\/site\/product\/gasometria-e-ventilacao-mecanica\/"},"modified":"2024-04-02T15:23:01","modified_gmt":"2024-04-02T18:23:01","slug":"gasometria-e-ventilacao-mecanica","status":"publish","type":"product","link":"https:\/\/jfsimulacaosaude.com.br\/site\/produto\/gasometria-e-ventilacao-mecanica\/","title":{"rendered":"Gasometria e Ventila\u00e7\u00e3o Mec\u00e2nica"},"content":{"rendered":"<p><strong>P\u00fablico Alvo:<\/strong>\u00a0Profissionais da Sa\u00fade e acad\u00eamicos.<\/p>\n<p><strong>Carga Hor\u00e1ria:<\/strong> 20H<\/p>\n<p><strong>Datas:<\/strong> 25 de fevereiro de 2023<br \/>\n<strong>S\u00e1bado:<\/strong>\u00a08h \u00e0s 18h (Centro de Simula\u00e7\u00e3o JF \u2013 Rua Ab\u00edlio Martins, 900 \u2013 Parquel\u00e2ndia)<\/p>\n<p><strong>OBS<\/strong>: Os conte\u00fados te\u00f3ricos ser\u00e3o disponibilizados\u00a0 atrav\u00e9s da nossa plataforma EAD.<\/p>\n<p><strong>Certifica\u00e7\u00e3o:<\/strong>\u00a0Ser\u00e1 fornecido certificado de participa\u00e7\u00e3o para todos os alunos que completarem no m\u00ednimo 75% da carga hor\u00e1ria do curso.<\/p>\n<p><strong>Gasometria e Ventila\u00e7\u00e3o Mec\u00e2nica (20h)<\/strong><\/p>\n<ul>\n<li style=\"font-weight: 400;\"><span style=\"font-weight: 400;\">Fisiologia Respirat\u00f3ria aplicada \u00e0 VM<\/span><\/li>\n<li style=\"font-weight: 400;\"><span style=\"font-weight: 400;\">Modos e Par\u00e2metros Ventilat\u00f3rios\u00a0<\/span><\/li>\n<li style=\"font-weight: 400;\"><span style=\"font-weight: 400;\">Monitoriza\u00e7\u00e3o Respirat\u00f3ria durante Ventila\u00e7\u00e3o Mec\u00e2nica<\/span><\/li>\n<li style=\"font-weight: 400;\"><span style=\"font-weight: 400;\">Gasometria Arterial<\/span><\/li>\n<li style=\"font-weight: 400;\"><span style=\"font-weight: 400;\">Ventila\u00e7\u00e3o Mec\u00e2nica N\u00e3o Invasiva<\/span><\/li>\n<li style=\"font-weight: 400;\"><span style=\"font-weight: 400;\">VM nas Doen\u00e7as Obstrutivas<\/span><\/li>\n<li style=\"font-weight: 400;\"><span style=\"font-weight: 400;\">VM nas Doen\u00e7as Restritivas (\u00eanfase no paciente com COVID-19)<\/span><\/li>\n<li style=\"font-weight: 400;\"><span style=\"font-weight: 400;\">Resolu\u00e7\u00e3o COFEN 639\/2020<\/span><\/li>\n<\/ul>\n<p><span style=\"font-weight: 400;\">\u00a0&#8211; Esta\u00e7\u00f5es\u00a0 pr\u00e1ticas com ventilador mec\u00e2nico (montagem e preparo) e ajustes de par\u00e2metros<\/span><\/p>\n<p><span style=\"font-weight: 400;\">\u00a0&#8211; Esta\u00e7\u00f5es pr\u00e1ticas com simulador de m\u00e9dia fidelidade (bra\u00e7o de pun\u00e7\u00e3o para gasometria)<\/span><\/p>\n<p><span style=\"font-weight: 400;\">\u00a0&#8211; Gamifica\u00e7\u00e3o de casos cl\u00ednicos com gasometria arterial utilizando socrative<\/span><\/p>\n<p><b>Facilitadores<\/b><\/p>\n<p><b>Dra. Julyana Freitas<\/b><\/p>\n<p><span style=\"font-weight: 400;\">Enfermeira. Doutora em Enfermagem pela Universidade Federal do Cear\u00e1. Instrutora em Simula\u00e7\u00e3o Cl\u00ednica e Real\u00edstica (<em>Leardal Medical e Area Training &amp; Consulting<\/em>). Docente da Gradua\u00e7\u00e3o em Enfermagem e do Mestrado Profissional Tecnologia e Inova\u00e7\u00e3o em Enfermagem (MPTIE)\/UNIFOR. Pesquisadora e Coordenadora\u00a0 do Laborat\u00f3rio de Tecnologia em Enfermagem (LABTENF)\/UNIFOR. Preceptora do N\u00facleo de Educa\u00e7\u00e3o\u00a0 Permanente (SAMU FORTALEZA).\u00a0<\/span><\/p>\n<p><strong>Dr. David Maciel<\/strong><\/p>\n<p>Investimento:<\/p>\n<p><strong>R$ 349,00 (Trezentos e quarenta e nove reais)<\/strong><\/p>\n<p>&nbsp;<\/p>\n<p>*Acad\u00eamicos da sa\u00fade e t\u00e9cnicos de enfermagem ter\u00e3o direito a 20% de desconto. Para isso \u00e9 necess\u00e1rio entrar em contato com a JF Servi\u00e7os Educacionais em Sa\u00fade e enviar um comprovante no WhatsApp (85) 98832.7305.<\/p>\n<p>*Os descontos concedidos n\u00e3o s\u00e3o cumulativos.<\/p>\n<p><strong>ORIENTA\u00c7\u00d5ES GERAIS<\/strong><\/p>\n<p>CURSOS LIVRES<\/p>\n<ol>\n<li>As inscri\u00e7\u00f5es ser\u00e3o realizadas at\u00e9 o \u00faltimo dia \u00fatil que antecede a data de in\u00edcio do curso, e se houver vaga. Caso a quantidade de pagantes ultrapasse o n\u00famero de vagas, o valor integral ser\u00e1 devolvido ao \u00faltimo participante inscrito;<\/li>\n<li>A realiza\u00e7\u00e3o do curso est\u00e1 sujeita a forma\u00e7\u00e3o de turma, com n\u00famero igual ou superior aos gastos estipulados pela empresa. A n\u00e3o forma\u00e7\u00e3o de turma est\u00e1 sujeita a devolu\u00e7\u00e3o do valor integral de da inscri\u00e7\u00e3o;<\/li>\n<li>A desist\u00eancia dever\u00e1 ser comunicada por e-mail (<a href=\"mailto:jf@jfservicoseducacionais.com.br\">jf@jfservicoseducacionais.com.br<\/a>) at\u00e9 72(setenta e duas) horas antes do in\u00edcio do curso. Ap\u00f3s esse prazo ser\u00e1 devolvido 70% (setenta por cento) do valor e ap\u00f3s o in\u00edcio do curso n\u00e3o h\u00e1 devolu\u00e7\u00e3o e\/ou estorno. No e-mail deve ser informado os dados banc\u00e1rios do aluno com o devido CPF e nome completo, e anexado o comprovante de pagamento para devolu\u00e7\u00e3o e\/ou estorno no caso de pagamento por meio de cart\u00e3o de cr\u00e9dito. A devolu\u00e7\u00e3o e\/ou estorno ser\u00e1 feita at\u00e9 3 (tr\u00eas) dias \u00fateis ap\u00f3s o recebimento do e-mail.<\/li>\n<\/ol>\n<p><strong>ORIENTA\u00c7\u00d5ES ESPEC\u00cdFICAS<\/strong><\/p>\n<ol>\n<li>As aulas remotas ser\u00e3o as sextas-feiras (ver cronograma). In\u00edcio: 18h \/ T\u00e9rmino: 22h;<\/li>\n<li>As aulas EAD (plataforma Google Classroom) ficar\u00e3o dispon\u00edveis no per\u00edodo do curso de realiza\u00e7\u00e3o do curso, bem como as aulas remotas que ser\u00e3o enviadas (link privado) para o e-mail cadastrado de cada aluno inscrito, sabendo que n\u00e3o \u00e9 permitido compartilhar este conte\u00fado a terceiros;<\/li>\n<li>Para o recebimento do certificado, \u00e9 necess\u00e1rio a participa\u00e7\u00e3o m\u00ednima em 75% das aulas remotas, presenciais e EAD.<\/li>\n<\/ol>\n<p>&nbsp;<\/p>\n<p><strong>Dra. Julyana Freitas<br \/>\n<\/strong>Dire\u00e7\u00e3o Geral<\/p>\n","protected":false},"excerpt":{"rendered":"<p><strong>Datas:<\/strong> 25 de fevereiro de 2023<br \/>\n<strong>S\u00e1bado:<\/strong>\u00a08h \u00e0s 18h (Centro de Simula\u00e7\u00e3o JF \u2013 Rua Ab\u00edlio Martins, 900 \u2013 Parquel\u00e2ndia)<\/p>\n<p>&nbsp;<\/p>\n","protected":false},"featured_media":10422,"comment_status":"open","ping_status":"closed","template":"","meta":{"_acf_changed":false},"product_brand":[],"product_cat":[146],"product_tag":[],"class_list":{"0":"post-10423","1":"product","2":"type-product","3":"status-publish","4":"has-post-thumbnail","6":"product_cat-livre-realizados","8":"first","9":"outofstock","10":"shipping-taxable","11":"product-type-simple"},"acf":[],"_links":{"self":[{"href":"https:\/\/jfsimulacaosaude.com.br\/site\/wp-json\/wp\/v2\/product\/10423","targetHints":{"allow":["GET"]}}],"collection":[{"href":"https:\/\/jfsimulacaosaude.com.br\/site\/wp-json\/wp\/v2\/product"}],"about":[{"href":"https:\/\/jfsimulacaosaude.com.br\/site\/wp-json\/wp\/v2\/types\/product"}],"replies":[{"embeddable":true,"href":"https:\/\/jfsimulacaosaude.com.br\/site\/wp-json\/wp\/v2\/comments?post=10423"}],"wp:featuredmedia":[{"embeddable":true,"href":"https:\/\/jfsimulacaosaude.com.br\/site\/wp-json\/wp\/v2\/media\/10422"}],"wp:attachment":[{"href":"https:\/\/jfsimulacaosaude.com.br\/site\/wp-json\/wp\/v2\/media?parent=10423"}],"wp:term":[{"taxonomy":"product_brand","embeddable":true,"href":"https:\/\/jfsimulacaosaude.com.br\/site\/wp-json\/wp\/v2\/product_brand?post=10423"},{"taxonomy":"product_cat","embeddable":true,"href":"https:\/\/jfsimulacaosaude.com.br\/site\/wp-json\/wp\/v2\/product_cat?post=10423"},{"taxonomy":"product_tag","embeddable":true,"href":"https:\/\/jfsimulacaosaude.com.br\/site\/wp-json\/wp\/v2\/product_tag?post=10423"}],"curies":[{"name":"wp","href":"https:\/\/api.w.org\/{rel}","templated":true}]}}