{"id":10421,"date":"2024-03-28T17:16:15","date_gmt":"2024-03-28T20:16:15","guid":{"rendered":"https:\/\/jfsimulacaosaude.com.br\/site\/product\/formacao-de-facilitadores-em-simulacao-em-saude\/"},"modified":"2024-04-08T11:50:30","modified_gmt":"2024-04-08T14:50:30","slug":"formacao-de-facilitadores-em-simulacao-em-saude","status":"publish","type":"product","link":"https:\/\/jfsimulacaosaude.com.br\/site\/produto\/formacao-de-facilitadores-em-simulacao-em-saude\/","title":{"rendered":"Forma\u00e7\u00e3o de Facilitadores em Simula\u00e7\u00e3o em Sa\u00fade"},"content":{"rendered":"<p><strong>Objetivo do curso:<\/strong><\/p>\n<ul>\n<li style=\"font-weight: 400;\"><span style=\"font-weight: 400;\">Compreender os conceitos e tipos de simula\u00e7\u00e3o cl\u00ednica.<\/span><\/li>\n<li style=\"font-weight: 400;\"><span style=\"font-weight: 400;\">Adquirir compet\u00eancias para a elabora\u00e7\u00e3o de roteiros de cen\u00e1rios para simula\u00e7\u00e3o de baixa, m\u00e9dia e alta fidelidade\/complexidade.<\/span><\/li>\n<li style=\"font-weight: 400;\"><span style=\"font-weight: 400;\">Aprender a fazer <em>moulage<\/em> (maquiagem real\u00edstica) para cen\u00e1rios de m\u00e9dia e alta fidelidade\/complexidade.<\/span><\/li>\n<li style=\"font-weight: 400;\">Conduzir como facilitadores o <i>Debriefing e<\/i>m simula\u00e7\u00e3o cl\u00ednica<i>.<\/i><\/li>\n<\/ul>\n<p><b>Metodologia:<\/b><span style=\"font-weight: 400;\"> Aprendizagem baseada em problemas com resolu\u00e7\u00e3o de cen\u00e1rios cl\u00ednicos com pacientes simulados e maquiagem real\u00edstica, simuladores virtuais e simuladores de m\u00e9dia fidelidade (simula\u00e7\u00e3o cl\u00ednica).\u00a0<\/span><\/p>\n<p><b>P\u00fablico Alvo: <\/b><span style=\"font-weight: 400;\">Profissionais da sa\u00fade que sejam educadores.<\/span><\/p>\n<p><strong>Dias de realiza\u00e7\u00e3o:\u00a0<\/strong><\/p>\n<p><b>Dia 16\/4\/2021 &#8211;<\/b><span style=\"font-weight: 400;\"> 18h \u00e0s 22h (Google Meet)<\/span><\/p>\n<p><b>Dia 17\/4\/2021 &#8211;<\/b><span style=\"font-weight: 400;\"> 08h \u00e0s 18h (Centro de Simula\u00e7\u00e3o JF &#8211; Rua Ab\u00edlio Martins, 900 &#8211; Parquel\u00e2ndia)<\/span><\/p>\n<p><b>Dias 18\/4\/2021 &#8211;<\/b><span style=\"font-weight: 400;\"> 08h \u00e0s 12h (Centro de Simula\u00e7\u00e3o JF &#8211; Rua Ab\u00edlio Martins, 900 &#8211; Parquel\u00e2ndia)<\/span><\/p>\n<p><b>Carga Hor\u00e1ria: <\/b><span style=\"font-weight: 400;\">20H.<\/span><\/p>\n<p><b>N\u00famero de Participantes: <\/b><span style=\"font-weight: 400;\">20 Participantes.<\/span><\/p>\n<p><b>Certifica\u00e7\u00e3o: <\/b><span style=\"font-weight: 400;\">Ser\u00e1 fornecido certificado de participa\u00e7\u00e3o para todos os alunos que completarem no m\u00ednimo 75% da carga hor\u00e1ria do curso.<\/span><\/p>\n<p><b>Temas Abordados:<\/b><\/p>\n<p><span style=\"font-weight: 400;\">&#8211; Conceitos e tipos de Simula\u00e7\u00e3o;<\/span><\/p>\n<p><span style=\"font-weight: 400;\">&#8211; Constru\u00e7\u00e3o de cen\u00e1rios em simula\u00e7\u00e3o;<\/span><\/p>\n<p><span style=\"font-weight: 400;\">&#8211; Como conduzir um <\/span><i><span style=\"font-weight: 400;\">debriefing<\/span><\/i><span style=\"font-weight: 400;\">;<\/span><\/p>\n<p><span style=\"font-weight: 400;\">&#8211; Oficina de moulage (maquiagem real\u00edstica);\u00a0<\/span><\/p>\n<p><b>Facilitadores:\u00a0<\/b><\/p>\n<p><b>Ms. Wilcilene Oliveira<\/b><\/p>\n<p><span style=\"font-weight: 400;\">Enfermeira. Mestre em Enfermagem (Mestrado Profissional em Tecnologia e Inova\u00e7\u00e3o em Enfermagem) &#8211; UNIFOR. Instrutora em Simula\u00e7\u00e3o Cl\u00ednica e Real\u00edstica (Leardal Medical e Area Training &amp; Consulting). Facilitadora no N\u00facleo de Educa\u00e7\u00e3o\u00a0 Permanente (SAMU FORTALEZA).\u00a0<\/span><\/p>\n<p><b>Dra. Julyana Freitas<\/b><\/p>\n<p><span style=\"font-weight: 400;\">Enfermeira. Doutora em Enfermagem pela Universidade Federal do Cear\u00e1. Instrutora em Simula\u00e7\u00e3o Cl\u00ednica e Real\u00edstica (Leardal Medical e Area Training &amp; Consulting). Docente da Gradua\u00e7\u00e3o em Enfermagem e do Mestrado Profissional Tecnologia e Inova\u00e7\u00e3o em Enfermagem (MPTIE)\/UNIFOR. Pesquisadora e Coordenadora\u00a0 do Laborat\u00f3rio de Tecnologia em Enfermagem (LABTENF)\/UNIFOR. Preceptora do N\u00facleo de Educa\u00e7\u00e3o\u00a0 Permanente (SAMU FORTALEZA).\u00a0<\/span><\/p>\n<p><b>Participa\u00e7\u00e3o especial:<\/b><span style=\"font-weight: 400;\"> Dra Elaine Negri<\/span><\/p>\n<p><span style=\"font-weight: 400;\">Enfermeira. Doutora em Ci\u00eancias pela Universidade de S\u00e3o Paulo &#8211; Escola de Enfermagem de Ribeir\u00e3o Preto. Professora da Universidade do Oeste Paulista. Membro do grupo de estudos e pesquisas em Simula\u00e7\u00e3o no Ensino de Enfermagem, liderada pela professora Dr\u00aa Alessandra Mazzo da EERP\/ USP.<\/span><\/p>\n<p><b>Investimento:\u00a0<\/b><\/p>\n<p><b>1o lote:<\/b><span style=\"font-weight: 400;\"> R$ 1.000,00 &#8211; <\/span><span style=\"font-weight: 400;\">at\u00e9 28.2.2021<\/span><\/p>\n<p><b>2o lote: <\/b>R$ <span style=\"font-weight: 400;\">1.200,00 &#8211; at\u00e9 15.4.2021<\/span><\/p>\n<p><strong>ORIENTA\u00c7\u00d5ES GERAIS<\/strong><\/p>\n<p>CURSOS LIVRES<\/p>\n<ol>\n<li>As inscri\u00e7\u00f5es ser\u00e3o realizadas at\u00e9 o \u00faltimo dia \u00fatil que antecede a data de in\u00edcio do curso, e se houver vaga. Caso a quantidade de pagantes ultrapasse o n\u00famero de vagas, o valor integral ser\u00e1 devolvido ao \u00faltimo participante inscrito;<\/li>\n<li>A realiza\u00e7\u00e3o do curso est\u00e1 sujeita a forma\u00e7\u00e3o de turma, com n\u00famero igual ou superior aos gastos estipulados pela empresa. A n\u00e3o forma\u00e7\u00e3o de turma est\u00e1 sujeita a devolu\u00e7\u00e3o do valor integral de da inscri\u00e7\u00e3o;<\/li>\n<li>A desist\u00eancia dever\u00e1 ser comunicada por e-mail (<a href=\"mailto:jf@jfservicoseducacionais.com.br\">jf@jfservicoseducacionais.com.br<\/a>) at\u00e9 72(setenta e duas) horas antes do in\u00edcio do curso. Ap\u00f3s esse prazo ser\u00e1 devolvido 70% (setenta por cento) do valor e ap\u00f3s o in\u00edcio do curso n\u00e3o h\u00e1 devolu\u00e7\u00e3o e\/ou estorno. No e-mail deve ser informado os dados banc\u00e1rios do aluno com o devido CPF e nome completo, e anexado o comprovante de pagamento para devolu\u00e7\u00e3o e\/ou estorno no caso de pagamento por meio de cart\u00e3o de cr\u00e9dito. A devolu\u00e7\u00e3o e\/ou estorno ser\u00e1 feita at\u00e9 3 (tr\u00eas) dias \u00fateis ap\u00f3s o recebimento do e-mail.<\/li>\n<\/ol>\n<p>&nbsp;<\/p>\n<p><strong>Dra. Julyana Freitas<br \/>\n<\/strong>Dire\u00e7\u00e3o Geral<\/p>\n","protected":false},"excerpt":{"rendered":"<p><b>Dia 16\/4\/2021 &#8211;<\/b><span style=\"font-weight: 400;\"> 18h \u00e0s 22h (Google Meet)<\/span><\/p>\n<p><b>Dia 17\/4\/2021 &#8211;<\/b><span style=\"font-weight: 400;\"> 08h \u00e0s 18h (Centro de Simula\u00e7\u00e3o JF &#8211; Rua Ab\u00edlio Martins, 900 &#8211; Parquel\u00e2ndia)<\/span><\/p>\n<p><b>Dias 18\/4\/2021 &#8211;<\/b><span style=\"font-weight: 400;\"> 08h \u00e0s 12h (Centro de Simula\u00e7\u00e3o JF &#8211; Rua Ab\u00edlio Martins, 900 &#8211; Parquel\u00e2ndia)<\/span><\/p>\n<p><b>Carga Hor\u00e1ria: <\/b><span style=\"font-weight: 400;\">20H.<\/span><\/p>\n","protected":false},"featured_media":10420,"comment_status":"open","ping_status":"closed","template":"","meta":{"_acf_changed":false},"product_brand":[],"product_cat":[146],"product_tag":[],"class_list":{"0":"post-10421","1":"product","2":"type-product","3":"status-publish","4":"has-post-thumbnail","6":"product_cat-livre-realizados","8":"first","9":"outofstock","10":"shipping-taxable","11":"product-type-simple"},"acf":[],"_links":{"self":[{"href":"https:\/\/jfsimulacaosaude.com.br\/site\/wp-json\/wp\/v2\/product\/10421","targetHints":{"allow":["GET"]}}],"collection":[{"href":"https:\/\/jfsimulacaosaude.com.br\/site\/wp-json\/wp\/v2\/product"}],"about":[{"href":"https:\/\/jfsimulacaosaude.com.br\/site\/wp-json\/wp\/v2\/types\/product"}],"replies":[{"embeddable":true,"href":"https:\/\/jfsimulacaosaude.com.br\/site\/wp-json\/wp\/v2\/comments?post=10421"}],"wp:featuredmedia":[{"embeddable":true,"href":"https:\/\/jfsimulacaosaude.com.br\/site\/wp-json\/wp\/v2\/media\/10420"}],"wp:attachment":[{"href":"https:\/\/jfsimulacaosaude.com.br\/site\/wp-json\/wp\/v2\/media?parent=10421"}],"wp:term":[{"taxonomy":"product_brand","embeddable":true,"href":"https:\/\/jfsimulacaosaude.com.br\/site\/wp-json\/wp\/v2\/product_brand?post=10421"},{"taxonomy":"product_cat","embeddable":true,"href":"https:\/\/jfsimulacaosaude.com.br\/site\/wp-json\/wp\/v2\/product_cat?post=10421"},{"taxonomy":"product_tag","embeddable":true,"href":"https:\/\/jfsimulacaosaude.com.br\/site\/wp-json\/wp\/v2\/product_tag?post=10421"}],"curies":[{"name":"wp","href":"https:\/\/api.w.org\/{rel}","templated":true}]}}