{"id":3,"date":"2024-03-23T18:23:04","date_gmt":"2024-03-23T21:23:04","guid":{"rendered":"https:\/\/jfsimulacaosaude.com.br\/site\/?page_id=3"},"modified":"2024-03-28T17:30:33","modified_gmt":"2024-03-28T20:30:33","slug":"politica-de-privacidade","status":"publish","type":"page","link":"https:\/\/jfsimulacaosaude.com.br\/site\/politica-de-privacidade\/","title":{"rendered":"Pol\u00edtica de privacidade"},"content":{"rendered":"\n<p>A sua privacidade \u00e9 importante para n\u00f3s. \u00c9 pol\u00edtica do\u00a0<strong>JF Servi\u00e7os Educacionais<\/strong>\u00a0respeitar a sua privacidade em rela\u00e7\u00e3o a qualquer informa\u00e7\u00e3o sua que possamos coletar no site: \u00a0<strong>https:\/\/<\/strong>jfsimulacaosaude<strong>.com.br<\/strong>, e outros sites que possu\u00edmos e operamos.<\/p>\n\n\n\n<p>Solicitamos informa\u00e7\u00f5es pessoais apenas quando realmente precisamos delas para lhe fornecer um servi\u00e7o. Fazemo-lo por meios justos e legais, com o seu conhecimento e consentimento.&nbsp;<\/p>\n\n\n\n<h2 class=\"wp-block-heading\">Tamb\u00e9m informamos por que estamos coletando e como ser\u00e1 usado.<\/h2>\n\n\n\n<p>Apenas retemos as informa\u00e7\u00f5es coletadas pelo tempo necess\u00e1rio para fornecer o servi\u00e7o solicitado. Quando armazenamos dados, protegemos dentro de meios comercialmente aceit\u00e1veis para evitar perdas e roubos, bem como acesso, divulga\u00e7\u00e3o, c\u00f3pia, uso ou modifica\u00e7\u00e3o n\u00e3o autorizados.<\/p>\n\n\n\n<p>N\u00e3o compartilhamos informa\u00e7\u00f5es de identifica\u00e7\u00e3o pessoal publicamente ou com terceiros, exceto quando exigido por lei.<\/p>\n\n\n\n<p>O nosso site pode ter links para sites externos que n\u00e3o s\u00e3o operados por n\u00f3s. Esteja ciente de que n\u00e3o temos controle sobre o conte\u00fado e pr\u00e1ticas desses sites e n\u00e3o podemos aceitar responsabilidade por suas respectivas pol\u00edticas de privacidade.<\/p>\n\n\n\n<p>Voc\u00ea \u00e9 livre para recusar a nossa solicita\u00e7\u00e3o de informa\u00e7\u00f5es pessoais, entendendo que talvez n\u00e3o possamos fornecer alguns dos servi\u00e7os desejados.<\/p>\n\n\n\n<p>O uso continuado de nosso site ser\u00e1 considerado como aceita\u00e7\u00e3o de nossas pr\u00e1ticas em torno de privacidade e informa\u00e7\u00f5es pessoais. Se voc\u00ea tiver alguma d\u00favida sobre como lidamos com dados do usu\u00e1rio e informa\u00e7\u00f5es pessoais, entre em contato conosco.<\/p>\n\n\n\n<h2 class=\"wp-block-heading\">Pol\u00edtica da Coleta de Dados de Contato<\/h2>\n\n\n\n<p>Como \u00e9 pr\u00e1tica comum em quase todos os sites profissionais, n\u00f3s utilizamos formul\u00e1rios de contato e de cadastro em listas de e-mail. Os dados coletados, s\u00e3o utilizados de forma \u00fanica para o fim escolhido pelo cliente no momento do preenchimento, sendo as op\u00e7\u00f5es:<\/p>\n\n\n\n<ul class=\"wp-block-list\">\n<li>Formul\u00e1rio de Interesse para Montar uma Turma<\/li>\n\n\n\n<li>Formul\u00e1rio de contato<\/li>\n\n\n\n<li>Formul\u00e1rio de compra e cria\u00e7\u00e3o de conta da loja.<\/li>\n\n\n\n<li>Contato via WhatsApp.<\/li>\n<\/ul>\n\n\n\n<h2 class=\"wp-block-heading\"><strong>Como os dados s\u00e3o tratados:<\/strong><\/h2>\n\n\n\n<p>Atrav\u00e9s dos formul\u00e1rios acima, n\u00f3s coletamos apenas as informa\u00e7\u00f5es necess\u00e1rias para a presta\u00e7\u00e3o do suporte, ou do retorno.&nbsp;<\/p>\n\n\n\n<p>Essa informa\u00e7\u00e3o \u00e9 armazenada dentro do nosso banco de dados, ou no banco de dados do Google Drive, onde n\u00f3s utilizamos os dados para presta\u00e7\u00e3o do servi\u00e7o, ou reserva de interesse do usu\u00e1rio.&nbsp;<\/p>\n\n\n\n<p>N\u00f3s n\u00e3o compartilhamos, nem fornecemos informa\u00e7\u00f5es dos nossos usu\u00e1rios para outras institui\u00e7\u00f5es, exceto por obriga\u00e7\u00f5es legais.<\/p>\n\n\n\n<h2 class=\"wp-block-heading\"><strong>Sobre a remo\u00e7\u00e3o dos dados:<\/strong><\/h2>\n\n\n\n<p>Havendo a vontade, ou necessidade de remover os dados coletados pelos nossos formul\u00e1rios, voc\u00ea poder\u00e1 fazer isso solicitando a remo\u00e7\u00e3o da seguinte forma:<\/p>\n\n\n\n<ol class=\"wp-block-list\">\n<li>a) Entre em contato conosco atrav\u00e9s do e-mail&nbsp;jf@jfservicoseducacionais.com.br, informando os dados que deseja que seja removido de nossa base de dados.&nbsp;<\/li>\n<\/ol>\n\n\n\n<p>Pol\u00edtica de Cookies Cursos JF Servi\u00e7os Educacionais<\/p>\n\n\n\n<h2 class=\"wp-block-heading\"><strong>O que s\u00e3o cookies?<\/strong><\/h2>\n\n\n\n<p>Como \u00e9 pr\u00e1tica comum em quase todos os sites profissionais, este site usa cookies, que s\u00e3o pequenos arquivos baixados no seu computador, para melhorar sua experi\u00eancia. Esta p\u00e1gina descreve quais informa\u00e7\u00f5es eles coletam, como as usamos e por que \u00e0s vezes precisamos armazenar esses cookies. Tamb\u00e9m compartilharemos como voc\u00ea pode impedir que esses cookies sejam armazenados, no entanto, isso pode fazer o downgrade ou&nbsp;\u2018quebrar\u2019 certos elementos da funcionalidade do site.<\/p>\n\n\n\n<h2 class=\"wp-block-heading\"><strong>Como usamos os cookies?<\/strong><\/h2>\n\n\n\n<p>Utilizamos cookies por v\u00e1rios motivos, detalhados abaixo. Infelizmente, na maioria dos casos, n\u00e3o existem op\u00e7\u00f5es padr\u00e3o do setor para desativar os cookies sem desativar completamente a funcionalidade e os recursos que eles adicionam a este site. \u00c9 recomend\u00e1vel que voc\u00ea deixe todos os cookies se n\u00e3o tiver certeza se precisa ou n\u00e3o deles, caso sejam usados para fornecer um servi\u00e7o que voc\u00ea usa.<\/p>\n\n\n\n<h2 class=\"wp-block-heading\"><strong>Desativar cookies<\/strong><\/h2>\n\n\n\n<p>Voc\u00ea pode impedir a configura\u00e7\u00e3o de cookies ajustando as configura\u00e7\u00f5es do seu navegador&nbsp;(consulte a Ajuda do navegador para saber como fazer isso). Esteja ciente de que a desativa\u00e7\u00e3o de cookies afetar\u00e1 a funcionalidade deste e de muitos outros sites que voc\u00ea visita. A desativa\u00e7\u00e3o de cookies geralmente resultar\u00e1 na desativa\u00e7\u00e3o de determinadas funcionalidades e recursos deste site. Portanto, \u00e9 recomend\u00e1vel que voc\u00ea n\u00e3o desative os cookies.<\/p>\n\n\n\n<h2 class=\"wp-block-heading\"><strong>Cookies que definimos<\/strong><\/h2>\n\n\n\n<ul class=\"wp-block-list\">\n<li>Cookies relacionados a boletins por e-mail\n<ul class=\"wp-block-list\">\n<li>Este site oferece servi\u00e7os de assinatura de boletim informativo ou e-mail e os cookies podem ser usados para lembrar se voc\u00ea j\u00e1 est\u00e1 registrado e se deve mostrar determinadas notifica\u00e7\u00f5es v\u00e1lidas apenas para usu\u00e1rios inscritos \/ n\u00e3o inscritos.<\/li>\n<\/ul>\n<\/li>\n\n\n\n<li>Cookies relacionados a formul\u00e1rios\n<ul class=\"wp-block-list\">\n<li>Quando voc\u00ea envia dados por meio de um formul\u00e1rio como os encontrados nas p\u00e1ginas de contato ou nos formul\u00e1rios de coment\u00e1rios, os cookies podem ser configurados para lembrar os detalhes do usu\u00e1rio para correspond\u00eancia futura.<\/li>\n<\/ul>\n<\/li>\n\n\n\n<li>Cookies de prefer\u00eancias do site\n<ul class=\"wp-block-list\">\n<li>Para proporcionar uma \u00f3tima experi\u00eancia neste site, fornecemos a funcionalidade para definir suas prefer\u00eancias de como esse site \u00e9 executado quando voc\u00ea o usa. Para lembrar suas prefer\u00eancias, precisamos definir cookies para que essas informa\u00e7\u00f5es possam ser chamadas sempre que voc\u00ea interagir com uma p\u00e1gina for afetada por suas prefer\u00eancias.<\/li>\n<\/ul>\n<\/li>\n<\/ul>\n\n\n\n<h2 class=\"wp-block-heading\"><strong>Cookies de Terceiros<\/strong><\/h2>\n\n\n\n<p>Em alguns casos especiais, tamb\u00e9m usamos cookies fornecidos por terceiros confi\u00e1veis. A se\u00e7\u00e3o a seguir detalha quais cookies de terceiros voc\u00ea pode encontrar atrav\u00e9s deste site.<\/p>\n\n\n\n<ul class=\"wp-block-list\">\n<li>Este site usa o Google Analytics, que \u00e9 uma das solu\u00e7\u00f5es de an\u00e1lise mais difundidas e confi\u00e1veis da Web, para nos ajudar a entender como voc\u00ea usa o site e como podemos melhorar sua experi\u00eancia. Esses cookies podem rastrear itens como quanto tempo voc\u00ea gasta no site e as p\u00e1ginas visitadas, para que possamos continuar produzindo conte\u00fado atraente.<\/li>\n\n\n\n<li>Para mais informa\u00e7\u00f5es sobre cookies do Google Analytics, consulte a p\u00e1gina oficial do Google Analytics.<\/li>\n\n\n\n<li>As an\u00e1lises de terceiros s\u00e3o usadas para rastrear e medir o uso deste site, para que possamos continuar produzindo conte\u00fado atrativo. Esses cookies podem rastrear itens como o tempo que voc\u00ea passa no site ou as p\u00e1ginas visitadas, o que nos ajuda a entender como podemos melhorar o site para voc\u00ea.<\/li>\n\n\n\n<li>Periodicamente, testamos novos recursos e fazemos altera\u00e7\u00f5es sutis na maneira como o site se apresenta. Quando ainda estamos testando novos recursos, esses cookies podem ser usados para garantir que voc\u00ea receba uma experi\u00eancia consistente enquanto estiver no site, enquanto entendemos quais otimiza\u00e7\u00f5es os nossos usu\u00e1rios mais apreciam.<\/li>\n\n\n\n<li>\u00c0 medida que vendemos servi\u00e7os, \u00e9 importante entendermos as estat\u00edsticas sobre quantos visitantes de nosso site realmente contratam e, portanto, esse \u00e9 o tipo de dados que esses cookies rastrear\u00e3o. Isso \u00e9 importante para voc\u00ea, pois significa que podemos fazer previs\u00f5es de neg\u00f3cios com precis\u00e3o que nos permitem analisar nossos custos de publicidade e produtos para garantir o melhor pre\u00e7o poss\u00edvel.<\/li>\n<\/ul>\n\n\n\n<p>Ferramentas Externas<\/p>\n\n\n\n<ul class=\"wp-block-list\">\n<li><strong>Estatisticas<\/strong>\n<ul class=\"wp-block-list\">\n<li>Google Analytics: Utilizamos os servi\u00e7os do Google Analytics para metrificar os acessos no nosso site, tempo de visita do usu\u00e1rio, visando assim as poss\u00edveis melhorias a serem feitas em nosso site futuramente.O Google Analytics n\u00e3o nos fornece acesso aos dados sens\u00edveis do usu\u00e1rio individual, apenas temos acesso a mensura\u00e7\u00e3o geral dos acessos.N\u00f3s n\u00e3o nos responsabilizamos, pelo uso da empresa Google, sobre a plataforma Google Analytics, al\u00e9m do nosso uso informado, para se informar sobre a pol\u00edtica do Google\u00a0<a href=\"https:\/\/support.google.com\/analytics\/answer\/4597324?hl=pt-BR\">clique aqui<\/a><\/li>\n<\/ul>\n<\/li>\n\n\n\n<li><\/li>\n\n\n\n<li><strong>Vendas<\/strong>\n<ul class=\"wp-block-list\">\n<li>N\u00f3s utilizamos para venda a plataforma e-commerce Woocommerce, associada ao plug-in WordPress, conectada com os m\u00e9todos de pagamento:\n<ul class=\"wp-block-list\">\n<li>PagSeguro\/Pagbank<\/li>\n<\/ul>\n<\/li>\n\n\n\n<li>Os dados de cart\u00e3o de cr\u00e9dito n\u00e3o s\u00e3o armazenados em nossa plataforma, elas s\u00e3o salvas nos servi\u00e7os de pagamento das empresas citadas acima.\u00a0<\/li>\n\n\n\n<li><\/li>\n<\/ul>\n<\/li>\n\n\n\n<li><strong>Marketing<\/strong>\n<ul class=\"wp-block-list\">\n<li><strong>Google Ads:<\/strong>&nbsp;<br>Utilizamos o Google Ads, para metrificar a efic\u00e1cia de nossos an\u00fancios. O objetivo dele \u00e9 acompanhamento do usu\u00e1rio que foi captado pelo nosso an\u00fancio em outras m\u00eddias.<a href=\"https:\/\/support.google.com\/adspolicy\/answer\/6008942?hl=pt-BR\">Pol\u00edtica de Privacidade do Google Ads<\/a><\/li>\n<\/ul>\n<\/li>\n\n\n\n<li>&nbsp;<\/li>\n<\/ul>\n\n\n\n<ul class=\"wp-block-list\">\n<li><strong>Facebook Pixel:&nbsp;<\/strong><br>Utilizamos o Facebook Pixel, para metrificar a efic\u00e1cia de nossos an\u00fancios. O objetivo dele \u00e9 acompanhamento do usu\u00e1rio que foi captado pelo nosso an\u00fancio em outras m\u00eddias.<a href=\"https:\/\/www.facebook.com\/business\/m\/privacy-and-data\">Pol\u00edtica de Privacidade do Facebook Pixel<\/a><\/li>\n<\/ul>\n\n\n\n<h2 class=\"wp-block-heading\">&nbsp;&nbsp;&nbsp;<strong>Compromisso do Usu\u00e1rio<\/strong><\/h2>\n\n\n\n<p>O usu\u00e1rio se compromete a fazer uso adequado dos conte\u00fados e da informa\u00e7\u00e3o que a&nbsp;<strong>JF Servi\u00e7os Educacionais<\/strong>&nbsp;oferece no site e com car\u00e1ter enunciativo, mas n\u00e3o limitativo:<\/p>\n\n\n\n<ul class=\"wp-block-list\">\n<li>A) N\u00e3o se envolver em atividades que sejam ilegais ou contr\u00e1rias \u00e0 boa f\u00e9 a \u00e0 ordem p\u00fablica;<\/li>\n\n\n\n<li>B) N\u00e3o difundir propaganda ou conte\u00fado de natureza racista, xenof\u00f3bica, ou casas de apostas&nbsp;(ex.:<a href=\"https:\/\/ondeapostar.pt\/review\/moosh-portugal\/\">&nbsp;Moosh<\/a>), jogos de sorte e azar, qualquer tipo de pornografia ilegal, de apologia ao terrorismo ou contra os direitos humanos;<\/li>\n\n\n\n<li>C) N\u00e3o causar danos aos sistemas f\u00edsicos&nbsp;(simuladores\/hardwares) e l\u00f3gicos&nbsp;(softwares) do&nbsp;<strong>JF Servi\u00e7os Educacionais<\/strong>&nbsp;, de seus fornecedores ou terceiros, para introduzir ou disseminar v\u00edrus inform\u00e1ticos ou quaisquer outros sistemas de hardware ou software que sejam capazes de causar danos anteriormente mencionados.<\/li>\n<\/ul>\n\n\n\n<p><strong>Mais informa\u00e7\u00f5es<\/strong><\/p>\n\n\n\n<p>Esperemos que esteja esclarecido e, como mencionado anteriormente, se houver algo que voc\u00ea n\u00e3o tem certeza se precisa ou n\u00e3o, geralmente \u00e9 mais seguro deixar os cookies ativados, caso interaja com um dos recursos que voc\u00ea usa em nosso site.<\/p>\n\n\n\n<p>Esta pol\u00edtica \u00e9 efetiva a partir de&nbsp;<strong>Agosto<\/strong>\/<strong>2022<\/strong>.<\/p>\n","protected":false},"excerpt":{"rendered":"<p>A sua privacidade \u00e9 importante para n\u00f3s. \u00c9 pol\u00edtica do\u00a0JF Servi\u00e7os Educacionais\u00a0respeitar a sua privacidade em rela\u00e7\u00e3o a qualquer informa\u00e7\u00e3o sua que possamos coletar no site: \u00a0https:\/\/jfsimulacaosaude.com.br, e outros sites que possu\u00edmos e operamos. Solicitamos informa\u00e7\u00f5es pessoais apenas quando realmente precisamos delas para lhe fornecer um servi\u00e7o. Fazemo-lo por meios justos e legais, com o [&hellip;]<\/p>\n","protected":false},"author":1,"featured_media":0,"parent":0,"menu_order":0,"comment_status":"closed","ping_status":"closed","template":"","meta":{"_acf_changed":false,"footnotes":""},"class_list":["post-3","page","type-page","status-publish","hentry"],"acf":[],"_links":{"self":[{"href":"https:\/\/jfsimulacaosaude.com.br\/site\/wp-json\/wp\/v2\/pages\/3","targetHints":{"allow":["GET"]}}],"collection":[{"href":"https:\/\/jfsimulacaosaude.com.br\/site\/wp-json\/wp\/v2\/pages"}],"about":[{"href":"https:\/\/jfsimulacaosaude.com.br\/site\/wp-json\/wp\/v2\/types\/page"}],"author":[{"embeddable":true,"href":"https:\/\/jfsimulacaosaude.com.br\/site\/wp-json\/wp\/v2\/users\/1"}],"replies":[{"embeddable":true,"href":"https:\/\/jfsimulacaosaude.com.br\/site\/wp-json\/wp\/v2\/comments?post=3"}],"version-history":[{"count":2,"href":"https:\/\/jfsimulacaosaude.com.br\/site\/wp-json\/wp\/v2\/pages\/3\/revisions"}],"predecessor-version":[{"id":10541,"href":"https:\/\/jfsimulacaosaude.com.br\/site\/wp-json\/wp\/v2\/pages\/3\/revisions\/10541"}],"wp:attachment":[{"href":"https:\/\/jfsimulacaosaude.com.br\/site\/wp-json\/wp\/v2\/media?parent=3"}],"curies":[{"name":"wp","href":"https:\/\/api.w.org\/{rel}","templated":true}]}}