{"id":12035,"date":"2025-12-05T15:40:38","date_gmt":"2025-12-05T18:40:38","guid":{"rendered":"https:\/\/jfsimulacaosaude.com.br\/site\/?page_id=12035"},"modified":"2025-12-05T15:42:41","modified_gmt":"2025-12-05T18:42:41","slug":"pos-graduacoes","status":"publish","type":"page","link":"https:\/\/jfsimulacaosaude.com.br\/site\/pos-graduacoes\/","title":{"rendered":"P\u00f3s-Gradua\u00e7\u00f5es"},"content":{"rendered":"\t\t<div data-elementor-type=\"wp-page\" data-elementor-id=\"12035\" class=\"elementor elementor-12035\" data-elementor-settings=\"{&quot;ha_cmc_init_switcher&quot;:&quot;no&quot;}\" data-elementor-post-type=\"page\">\n\t\t\t\t<div class=\"elementor-element elementor-element-618a879 e-con-full e-flex e-con e-parent\" data-id=\"618a879\" data-element_type=\"container\" data-settings=\"{&quot;_ha_eqh_enable&quot;:false}\">\n\t\t\t\t<div class=\"elementor-element elementor-element-0c03c03 elementor-widget elementor-widget-text-editor\" data-id=\"0c03c03\" data-element_type=\"widget\" data-widget_type=\"text-editor.default\">\n\t\t\t\t<div class=\"elementor-widget-container\">\n\t\t\t\t\t\t\t\t\t<p>p\u00f3s-gradua\u00e7\u00f5es<\/p>\t\t\t\t\t\t\t\t<\/div>\n\t\t\t\t<\/div>\n\t\t\t\t<\/div>\n\t\t<div class=\"elementor-element elementor-element-1d624c7 e-flex e-con-boxed e-con e-parent\" data-id=\"1d624c7\" data-element_type=\"container\" data-settings=\"{&quot;_ha_eqh_enable&quot;:false}\">\n\t\t\t\t\t<div class=\"e-con-inner\">\n\t\t\t\t<div class=\"elementor-element elementor-element-b4927f1 elementor-grid-3 elementor-grid-tablet-2 elementor-grid-mobile-1 elementor-widget elementor-widget-loop-grid\" data-id=\"b4927f1\" data-element_type=\"widget\" data-settings=\"{&quot;template_id&quot;:&quot;12004&quot;,&quot;_skin&quot;:&quot;post&quot;,&quot;columns&quot;:&quot;3&quot;,&quot;columns_tablet&quot;:&quot;2&quot;,&quot;columns_mobile&quot;:&quot;1&quot;,&quot;edit_handle_selector&quot;:&quot;[data-elementor-type=\\&quot;loop-item\\&quot;]&quot;,&quot;row_gap&quot;:{&quot;unit&quot;:&quot;px&quot;,&quot;size&quot;:&quot;&quot;,&quot;sizes&quot;:[]},&quot;row_gap_tablet&quot;:{&quot;unit&quot;:&quot;px&quot;,&quot;size&quot;:&quot;&quot;,&quot;sizes&quot;:[]},&quot;row_gap_mobile&quot;:{&quot;unit&quot;:&quot;px&quot;,&quot;size&quot;:&quot;&quot;,&quot;sizes&quot;:[]}}\" data-widget_type=\"loop-grid.post\">\n\t\t\t\t<div class=\"elementor-widget-container\">\n\t\t\t\t\t\t\t<div class=\"elementor-loop-container elementor-grid\" role=\"list\">\n\t\t<style id=\"loop-12004\">.elementor-12004 .elementor-element.elementor-element-de49ebb{--display:flex;--flex-direction:column;--container-widget-width:100%;--container-widget-height:initial;--container-widget-flex-grow:0;--container-widget-align-self:initial;--flex-wrap-mobile:wrap;--justify-content:space-between;--margin-top:0px;--margin-bottom:0px;--margin-left:0px;--margin-right:0px;--padding-top:0px;--padding-bottom:0px;--padding-left:0px;--padding-right:0px;}.elementor-12004 .elementor-element.elementor-element-de49ebb:not(.elementor-motion-effects-element-type-background), .elementor-12004 .elementor-element.elementor-element-de49ebb > .elementor-motion-effects-container > .elementor-motion-effects-layer{background-color:#9E0605;}.elementor-widget-image .widget-image-caption{color:var( --e-global-color-text );font-family:var( --e-global-typography-text-font-family ), Sans-serif;font-weight:var( --e-global-typography-text-font-weight );}.elementor-12004 .elementor-element.elementor-element-0df2171{width:100%;max-width:100%;}.elementor-widget-text-editor{font-family:var( --e-global-typography-text-font-family ), Sans-serif;font-weight:var( --e-global-typography-text-font-weight );color:var( --e-global-color-text );}.elementor-widget-text-editor.elementor-drop-cap-view-stacked .elementor-drop-cap{background-color:var( --e-global-color-primary );}.elementor-widget-text-editor.elementor-drop-cap-view-framed .elementor-drop-cap, .elementor-widget-text-editor.elementor-drop-cap-view-default .elementor-drop-cap{color:var( --e-global-color-primary );border-color:var( --e-global-color-primary );}.elementor-12004 .elementor-element.elementor-element-a486c76 > .elementor-widget-container{margin:0px 10px 0px 10px;}.elementor-12004 .elementor-element.elementor-element-a486c76{font-family:\"Bebas Neue\", Sans-serif;font-size:30px;font-weight:400;color:#FFFFFF;}.elementor-12004 .elementor-element.elementor-element-a3eb9a4{--display:flex;--align-items:center;--container-widget-width:calc( ( 1 - var( --container-widget-flex-grow ) ) * 100% );--border-radius:15px 15px 15px 15px;--margin-top:0px;--margin-bottom:15px;--margin-left:0px;--margin-right:0px;}.elementor-12004 .elementor-element.elementor-element-a3eb9a4:not(.elementor-motion-effects-element-type-background), .elementor-12004 .elementor-element.elementor-element-a3eb9a4 > .elementor-motion-effects-container > .elementor-motion-effects-layer{background-color:#FFFFFF;}.elementor-12004 .elementor-element.elementor-element-a3eb9a4.e-con{--align-self:center;}.elementor-12004 .elementor-element.elementor-element-b56bc8e.elementor-element{--align-self:center;}.elementor-12004 .elementor-element.elementor-element-b56bc8e{text-align:center;font-family:\"Montserrat\", Sans-serif;font-size:35px;font-weight:700;color:#9E0605;}@media(min-width:768px){.elementor-12004 .elementor-element.elementor-element-a3eb9a4{--width:80%;}}<\/style>\t\t<div data-elementor-type=\"loop-item\" data-elementor-id=\"12004\" class=\"elementor elementor-12004 e-loop-item e-loop-item-12220 post-12220 curso type-curso status-publish hentry classificacao-em-oferta-pos\" data-elementor-settings=\"{&quot;ha_cmc_init_switcher&quot;:&quot;no&quot;}\" data-elementor-post-type=\"elementor_library\" data-custom-edit-handle=\"1\">\n\t\t\t<a class=\"elementor-element elementor-element-de49ebb e-flex e-con-boxed e-con e-parent\" data-id=\"de49ebb\" data-element_type=\"container\" data-settings=\"{&quot;background_background&quot;:&quot;classic&quot;,&quot;_ha_eqh_enable&quot;:false}\" href=\"https:\/\/jfsimulacaosaude.com.br\/site\/curso\/transtorno-do-espectro-autista-turma-01\/\">\n\t\t\t\t\t<div class=\"e-con-inner\">\n\t\t\t\t<div class=\"elementor-element elementor-element-0df2171 elementor-widget__width-inherit elementor-widget elementor-widget-image\" data-id=\"0df2171\" data-element_type=\"widget\" data-widget_type=\"image.default\">\n\t\t\t\t<div class=\"elementor-widget-container\">\n\t\t\t\t\t\t\t\t\t\t\t\t\t\t\t<img fetchpriority=\"high\" decoding=\"async\" width=\"1080\" height=\"1350\" src=\"https:\/\/jfsimulacaosaude.com.br\/site\/wp-content\/uploads\/2025\/11\/JF-Modelos-de-post.png\" class=\"attachment-full size-full wp-image-12094\" alt=\"\" srcset=\"https:\/\/jfsimulacaosaude.com.br\/site\/wp-content\/uploads\/2025\/11\/JF-Modelos-de-post.png 1080w, https:\/\/jfsimulacaosaude.com.br\/site\/wp-content\/uploads\/2025\/11\/JF-Modelos-de-post-240x300.png 240w, https:\/\/jfsimulacaosaude.com.br\/site\/wp-content\/uploads\/2025\/11\/JF-Modelos-de-post-819x1024.png 819w, https:\/\/jfsimulacaosaude.com.br\/site\/wp-content\/uploads\/2025\/11\/JF-Modelos-de-post-768x960.png 768w, https:\/\/jfsimulacaosaude.com.br\/site\/wp-content\/uploads\/2025\/11\/JF-Modelos-de-post-600x750.png 600w\" sizes=\"(max-width: 1080px) 100vw, 1080px\" \/>\t\t\t\t\t\t\t\t\t\t\t\t\t\t\t<\/div>\n\t\t\t\t<\/div>\n\t\t\t\t<div class=\"elementor-element elementor-element-a486c76 elementor-widget elementor-widget-text-editor\" data-id=\"a486c76\" data-element_type=\"widget\" data-widget_type=\"text-editor.default\">\n\t\t\t\t<div class=\"elementor-widget-container\">\n\t\t\t\t\t\t\t\t\tTranstorno do Espectro Autista &#8211; TEA &#8211; Turma 01\t\t\t\t\t\t\t\t<\/div>\n\t\t\t\t<\/div>\n\t\t<div class=\"elementor-element elementor-element-a3eb9a4 e-con-full e-flex e-con e-child\" data-id=\"a3eb9a4\" data-element_type=\"container\" data-settings=\"{&quot;background_background&quot;:&quot;classic&quot;,&quot;_ha_eqh_enable&quot;:false}\">\n\t\t\t\t<div class=\"elementor-element elementor-element-b56bc8e elementor-widget elementor-widget-text-editor\" data-id=\"b56bc8e\" data-element_type=\"widget\" data-widget_type=\"text-editor.default\">\n\t\t\t\t<div class=\"elementor-widget-container\">\n\t\t\t\t\t\t\t\t\tR$180.00\t\t\t\t\t\t\t\t<\/div>\n\t\t\t\t<\/div>\n\t\t\t\t<\/div>\n\t\t\t\t\t<\/div>\n\t\t\t\t<\/a>\n\t\t\t\t<\/div>\n\t\t\t\t<div data-elementor-type=\"loop-item\" data-elementor-id=\"12004\" class=\"elementor elementor-12004 e-loop-item e-loop-item-12181 post-12181 curso type-curso status-publish hentry classificacao-em-oferta-pos classificacao-pos\" data-elementor-settings=\"{&quot;ha_cmc_init_switcher&quot;:&quot;no&quot;}\" data-elementor-post-type=\"elementor_library\" data-custom-edit-handle=\"1\">\n\t\t\t<a class=\"elementor-element elementor-element-de49ebb e-flex e-con-boxed e-con e-parent\" data-id=\"de49ebb\" data-element_type=\"container\" data-settings=\"{&quot;background_background&quot;:&quot;classic&quot;,&quot;_ha_eqh_enable&quot;:false}\" href=\"https:\/\/jfsimulacaosaude.com.br\/site\/curso\/enfermagem-em-neonatologia-e-pediatria-turma-01\/\">\n\t\t\t\t\t<div class=\"e-con-inner\">\n\t\t\t\t<div class=\"elementor-element elementor-element-0df2171 elementor-widget__width-inherit elementor-widget elementor-widget-image\" data-id=\"0df2171\" data-element_type=\"widget\" data-widget_type=\"image.default\">\n\t\t\t\t<div class=\"elementor-widget-container\">\n\t\t\t\t\t\t\t\t\t\t\t\t\t\t\t<img decoding=\"async\" width=\"1080\" height=\"1350\" src=\"https:\/\/jfsimulacaosaude.com.br\/site\/wp-content\/uploads\/2026\/01\/WhatsApp-Image-2026-02-11-at-10.40.54.jpeg\" class=\"attachment-full size-full wp-image-12209\" alt=\"\" srcset=\"https:\/\/jfsimulacaosaude.com.br\/site\/wp-content\/uploads\/2026\/01\/WhatsApp-Image-2026-02-11-at-10.40.54.jpeg 1080w, https:\/\/jfsimulacaosaude.com.br\/site\/wp-content\/uploads\/2026\/01\/WhatsApp-Image-2026-02-11-at-10.40.54-240x300.jpeg 240w, https:\/\/jfsimulacaosaude.com.br\/site\/wp-content\/uploads\/2026\/01\/WhatsApp-Image-2026-02-11-at-10.40.54-819x1024.jpeg 819w, https:\/\/jfsimulacaosaude.com.br\/site\/wp-content\/uploads\/2026\/01\/WhatsApp-Image-2026-02-11-at-10.40.54-768x960.jpeg 768w, https:\/\/jfsimulacaosaude.com.br\/site\/wp-content\/uploads\/2026\/01\/WhatsApp-Image-2026-02-11-at-10.40.54-600x750.jpeg 600w\" sizes=\"(max-width: 1080px) 100vw, 1080px\" \/>\t\t\t\t\t\t\t\t\t\t\t\t\t\t\t<\/div>\n\t\t\t\t<\/div>\n\t\t\t\t<div class=\"elementor-element elementor-element-a486c76 elementor-widget elementor-widget-text-editor\" data-id=\"a486c76\" data-element_type=\"widget\" data-widget_type=\"text-editor.default\">\n\t\t\t\t<div class=\"elementor-widget-container\">\n\t\t\t\t\t\t\t\t\tENFERMAGEM EM NEONATOLOGIA E PEDIATRIA TURMA 01\t\t\t\t\t\t\t\t<\/div>\n\t\t\t\t<\/div>\n\t\t<div class=\"elementor-element elementor-element-a3eb9a4 e-con-full e-flex e-con e-child\" data-id=\"a3eb9a4\" data-element_type=\"container\" data-settings=\"{&quot;background_background&quot;:&quot;classic&quot;,&quot;_ha_eqh_enable&quot;:false}\">\n\t\t\t\t<div class=\"elementor-element elementor-element-b56bc8e elementor-widget elementor-widget-text-editor\" data-id=\"b56bc8e\" data-element_type=\"widget\" data-widget_type=\"text-editor.default\">\n\t\t\t\t<div class=\"elementor-widget-container\">\n\t\t\t\t\t\t\t\t\tR$180.00\t\t\t\t\t\t\t\t<\/div>\n\t\t\t\t<\/div>\n\t\t\t\t<\/div>\n\t\t\t\t\t<\/div>\n\t\t\t\t<\/a>\n\t\t\t\t<\/div>\n\t\t\t\t<div data-elementor-type=\"loop-item\" data-elementor-id=\"12004\" class=\"elementor elementor-12004 e-loop-item e-loop-item-12110 post-12110 curso type-curso status-publish hentry classificacao-em-oferta-pos\" data-elementor-settings=\"{&quot;ha_cmc_init_switcher&quot;:&quot;no&quot;}\" data-elementor-post-type=\"elementor_library\" data-custom-edit-handle=\"1\">\n\t\t\t<a class=\"elementor-element elementor-element-de49ebb e-flex e-con-boxed e-con e-parent\" data-id=\"de49ebb\" data-element_type=\"container\" data-settings=\"{&quot;background_background&quot;:&quot;classic&quot;,&quot;_ha_eqh_enable&quot;:false}\" href=\"https:\/\/jfsimulacaosaude.com.br\/site\/curso\/enfermagem-em-urgencia-e-emergencia-e-uti-turma-11\/\">\n\t\t\t\t\t<div class=\"e-con-inner\">\n\t\t\t\t<div class=\"elementor-element elementor-element-0df2171 elementor-widget__width-inherit elementor-widget elementor-widget-image\" data-id=\"0df2171\" data-element_type=\"widget\" data-widget_type=\"image.default\">\n\t\t\t\t<div class=\"elementor-widget-container\">\n\t\t\t\t\t\t\t\t\t\t\t\t\t\t\t<img decoding=\"async\" width=\"1080\" height=\"1350\" src=\"https:\/\/jfsimulacaosaude.com.br\/site\/wp-content\/uploads\/2025\/04\/WhatsApp-Image-2025-05-28-at-14.50.16-2.jpeg\" class=\"attachment-full size-full wp-image-11243\" alt=\"\" srcset=\"https:\/\/jfsimulacaosaude.com.br\/site\/wp-content\/uploads\/2025\/04\/WhatsApp-Image-2025-05-28-at-14.50.16-2.jpeg 1080w, https:\/\/jfsimulacaosaude.com.br\/site\/wp-content\/uploads\/2025\/04\/WhatsApp-Image-2025-05-28-at-14.50.16-2-600x750.jpeg 600w, https:\/\/jfsimulacaosaude.com.br\/site\/wp-content\/uploads\/2025\/04\/WhatsApp-Image-2025-05-28-at-14.50.16-2-240x300.jpeg 240w, https:\/\/jfsimulacaosaude.com.br\/site\/wp-content\/uploads\/2025\/04\/WhatsApp-Image-2025-05-28-at-14.50.16-2-819x1024.jpeg 819w, https:\/\/jfsimulacaosaude.com.br\/site\/wp-content\/uploads\/2025\/04\/WhatsApp-Image-2025-05-28-at-14.50.16-2-768x960.jpeg 768w\" sizes=\"(max-width: 1080px) 100vw, 1080px\" \/>\t\t\t\t\t\t\t\t\t\t\t\t\t\t\t<\/div>\n\t\t\t\t<\/div>\n\t\t\t\t<div class=\"elementor-element elementor-element-a486c76 elementor-widget elementor-widget-text-editor\" data-id=\"a486c76\" data-element_type=\"widget\" data-widget_type=\"text-editor.default\">\n\t\t\t\t<div class=\"elementor-widget-container\">\n\t\t\t\t\t\t\t\t\tEnfermagem em Urg\u00eancia e Emerg\u00eancia e UTI &#8211; Turma 11\t\t\t\t\t\t\t\t<\/div>\n\t\t\t\t<\/div>\n\t\t<div class=\"elementor-element elementor-element-a3eb9a4 e-con-full e-flex e-con e-child\" data-id=\"a3eb9a4\" data-element_type=\"container\" data-settings=\"{&quot;background_background&quot;:&quot;classic&quot;,&quot;_ha_eqh_enable&quot;:false}\">\n\t\t\t\t<div class=\"elementor-element elementor-element-b56bc8e elementor-widget elementor-widget-text-editor\" data-id=\"b56bc8e\" data-element_type=\"widget\" data-widget_type=\"text-editor.default\">\n\t\t\t\t<div class=\"elementor-widget-container\">\n\t\t\t\t\t\t\t\t\tR$180.00\t\t\t\t\t\t\t\t<\/div>\n\t\t\t\t<\/div>\n\t\t\t\t<\/div>\n\t\t\t\t\t<\/div>\n\t\t\t\t<\/a>\n\t\t\t\t<\/div>\n\t\t\t\t<\/div>\n\t\t\n\t\t\t\t\t\t<\/div>\n\t\t\t\t<\/div>\n\t\t\t\t\t<\/div>\n\t\t\t\t<\/div>\n\t\t\t\t<\/div>\n\t\t","protected":false},"excerpt":{"rendered":"<p>p\u00f3s-gradua\u00e7\u00f5es<\/p>\n","protected":false},"author":33,"featured_media":0,"parent":0,"menu_order":0,"comment_status":"closed","ping_status":"closed","template":"","meta":{"_acf_changed":false,"footnotes":""},"class_list":["post-12035","page","type-page","status-publish","hentry"],"acf":[],"_links":{"self":[{"href":"https:\/\/jfsimulacaosaude.com.br\/site\/wp-json\/wp\/v2\/pages\/12035","targetHints":{"allow":["GET"]}}],"collection":[{"href":"https:\/\/jfsimulacaosaude.com.br\/site\/wp-json\/wp\/v2\/pages"}],"about":[{"href":"https:\/\/jfsimulacaosaude.com.br\/site\/wp-json\/wp\/v2\/types\/page"}],"author":[{"embeddable":true,"href":"https:\/\/jfsimulacaosaude.com.br\/site\/wp-json\/wp\/v2\/users\/33"}],"replies":[{"embeddable":true,"href":"https:\/\/jfsimulacaosaude.com.br\/site\/wp-json\/wp\/v2\/comments?post=12035"}],"version-history":[{"count":7,"href":"https:\/\/jfsimulacaosaude.com.br\/site\/wp-json\/wp\/v2\/pages\/12035\/revisions"}],"predecessor-version":[{"id":12044,"href":"https:\/\/jfsimulacaosaude.com.br\/site\/wp-json\/wp\/v2\/pages\/12035\/revisions\/12044"}],"wp:attachment":[{"href":"https:\/\/jfsimulacaosaude.com.br\/site\/wp-json\/wp\/v2\/media?parent=12035"}],"curies":[{"name":"wp","href":"https:\/\/api.w.org\/{rel}","templated":true}]}}