{"id":10848,"date":"2024-04-29T16:27:01","date_gmt":"2024-04-29T19:27:01","guid":{"rendered":"https:\/\/jfsimulacaosaude.com.br\/site\/?page_id=10848"},"modified":"2025-06-25T11:53:59","modified_gmt":"2025-06-25T14:53:59","slug":"primeiros-socorros-nas-escolas","status":"publish","type":"page","link":"https:\/\/jfsimulacaosaude.com.br\/site\/primeiros-socorros-nas-escolas\/","title":{"rendered":"Primeiros Socorros nas Escolas"},"content":{"rendered":"\t\t<div data-elementor-type=\"wp-page\" data-elementor-id=\"10848\" class=\"elementor elementor-10848\" data-elementor-settings=\"{&quot;ha_cmc_init_switcher&quot;:&quot;no&quot;}\" data-elementor-post-type=\"page\">\n\t\t\t\t<div class=\"elementor-element elementor-element-b9f1b16 e-flex e-con-boxed e-con e-parent\" data-id=\"b9f1b16\" data-element_type=\"container\" data-settings=\"{&quot;_ha_eqh_enable&quot;:false}\">\n\t\t\t\t\t<div class=\"e-con-inner\">\n\t\t\t\t<div class=\"elementor-element elementor-element-3477111 elementor-widget elementor-widget-heading\" data-id=\"3477111\" data-element_type=\"widget\" data-widget_type=\"heading.default\">\n\t\t\t\t<div class=\"elementor-widget-container\">\n\t\t\t\t\t<h2 class=\"elementor-heading-title elementor-size-default\">Primeiros Socorros para Profissionais da Educa\u00e7\u00e3o - Lei Lucas N\u00ba 13.722\/2018<\/h2>\t\t\t\t<\/div>\n\t\t\t\t<\/div>\n\t\t\t\t<div class=\"elementor-element elementor-element-75397e8 elementor-widget elementor-widget-text-editor\" data-id=\"75397e8\" data-element_type=\"widget\" data-widget_type=\"text-editor.default\">\n\t\t\t\t<div class=\"elementor-widget-container\">\n\t\t\t\t\t\t\t\t\t<p>Por que as Escolas devem estar atentas aos Primeiros Socorros?<\/p>\t\t\t\t\t\t\t\t<\/div>\n\t\t\t\t<\/div>\n\t\t\t\t<div class=\"elementor-element elementor-element-344181b elementor-widget elementor-widget-text-editor\" data-id=\"344181b\" data-element_type=\"widget\" data-widget_type=\"text-editor.default\">\n\t\t\t\t<div class=\"elementor-widget-container\">\n\t\t\t\t\t\t\t\t\t<p><span class=\"OYPEnA font-feature-liga-off font-feature-clig-off font-feature-calt-off text-decoration-none text-strikethrough-none\" style=\"color: #393839\">Em outubro de 2018, foi criada a Lei n\u00ba 13.722, conhecida como Lei Lucas, que torna obrigat\u00f3ria a capacita\u00e7\u00e3o em no\u00e7\u00f5es b\u00e1sicas de primeiros socorros de professores e funcion\u00e1rios de estabelecimentos de ensino p\u00fablicos e privados de educa\u00e7\u00e3o b\u00e1sica e de estabelecimentos de recrea\u00e7\u00e3o infantil (BRASIL, 2018).<\/span><\/p>\t\t\t\t\t\t\t\t<\/div>\n\t\t\t\t<\/div>\n\t\t\t\t<div class=\"elementor-element elementor-element-5120631 elementor-widget elementor-widget-text-editor\" data-id=\"5120631\" data-element_type=\"widget\" data-widget_type=\"text-editor.default\">\n\t\t\t\t<div class=\"elementor-widget-container\">\n\t\t\t\t\t\t\t\t\t<p class=\"cvgsua\" style=\"margin: 0cm 0cm 18pt;line-height: 16.5pt;background-image: initial;background-position: initial;background-size: initial;background-repeat: initial;background-attachment: initial\"><span class=\"oypena\"><span style=\"color: #393839\">&#8211; A Lei Lucas (13.722) \u00e9 um exemplo. Em 2017, uma crian\u00e7a de 10 anos chamada Lucas estava em um passeio da escola quando engasgou com o lanche e veio a \u00f3bito dois dias depois<span style=\"text-transform: uppercase\">.<\/span><\/span><\/span><\/p><p class=\"cvgsua\" style=\"margin: 0cm 0cm 18pt;line-height: 16.5pt;background-image: initial;background-position: initial;background-size: initial;background-repeat: initial;background-attachment: initial;--cyv3zq: 16.0898px;--gjplxq: 1.4\"><span><span class=\"oypena\"><span style=\"color: #393839\">&#8211; No momento do engasgo, nenhum dos acompanhantes sabia como ministrar os primeiros socorros, e Lucas s\u00f3 foi atendido com a chegada do SAMU. Se tivesse recebido os primeiros socorros, Lucas teria sobrevivido<span style=\"text-transform: uppercase\">.<\/span><\/span><\/span><\/span><\/p><p class=\"cvgsua\" style=\"margin: 0cm 0cm 18pt;line-height: 16.5pt;background-image: initial;background-position: initial;background-size: initial;background-repeat: initial;background-attachment: initial;--cyv3zq: 16.0898px;--gjplxq: 1.4\"><span><span class=\"oypena\"><span style=\"color: #393839\">&#8211; Foi ent\u00e3o que a m\u00e3e de Lucas, Alessandra Begalli, envidou esfor\u00e7os junto \u00e0 sociedade civil para exigir uma Lei que tornasse obrigat\u00f3rio o Curso de Capacita\u00e7\u00e3o em Primeiros Socorros aos Professores e Profissionais da Educa\u00e7\u00e3o, como forma de conferir maior prote\u00e7\u00e3o ao direito da crian\u00e7a e do adolescente<span style=\"text-transform: uppercase\">.<\/span><\/span><\/span><\/span><\/p><p class=\"cvgsua\" style=\"margin: 0cm 0cm 18pt;line-height: 16.5pt;background-image: initial;background-position: initial;background-size: initial;background-repeat: initial;background-attachment: initial;--cyv3zq: 16.0898px;--gjplxq: 1.4\"><span><span class=\"oypena\"><span style=\"color: #393839\">&#8211; A Lei Lucas (13.722) \u00e9 um exemplo. Em 2017, uma crian\u00e7a de 10 anos chamada Lucas estava em um passeio da escola quando engasgou com o lanche e veio a \u00f3bito dois dias depois<span style=\"text-transform: uppercase\">.<\/span><\/span><\/span><\/span><\/p><p class=\"cvgsua\" style=\"margin: 0cm 0cm 18pt;line-height: 16.5pt;background-image: initial;background-position: initial;background-size: initial;background-repeat: initial;background-attachment: initial;--cyv3zq: 16.0898px;--gjplxq: 1.4\"><span><span class=\"oypena\"><span style=\"color: #393839\">&#8211; No momento do engasgo, nenhum dos acompanhantes sabia como ministrar os Primeiros Socorros, e Lucas s\u00f3 foi atendido com a chegada do SAMU. Se tivesse recebido os Primeiros Socorros, Lucas teria sobrevivido<span style=\"text-transform: uppercase\">.<\/span><\/span><\/span><\/span><\/p><p class=\"cvGsUA direction-ltr align-justify para-style-body\" style=\"color: #393839;font-family: 'YADwEcuDVqE 0', _fb_, auto;--cyv3zq: 16.0898px;--gjplxq: 1.4;text-transform: uppercase;line-height: 22px\">\u00a0<\/p><p class=\"cvgsua\" style=\"margin: 0cm 0cm 18pt;line-height: 16.5pt;background-image: initial;background-position: initial;background-size: initial;background-repeat: initial;background-attachment: initial;--cyv3zq: 16.0898px;--gjplxq: 1.4\"><span><span class=\"oypena\"><span style=\"color: #393839\">&#8211; Foi ent\u00e3o que a m\u00e3e de Lucas, Alessandra Begalli, envidou esfor\u00e7os junto \u00e0 sociedade civil para exigir uma lei que tornasse obrigat\u00f3rio o curso de capacita\u00e7\u00e3o em Primeiros Socorros aos Professores e Profissionais da Educa\u00e7\u00e3o, como forma de conferir maior prote\u00e7\u00e3o ao direito da crian\u00e7a e do adolescente.<\/span><\/span><\/span><\/p>\t\t\t\t\t\t\t\t<\/div>\n\t\t\t\t<\/div>\n\t\t\t\t\t<\/div>\n\t\t\t\t<\/div>\n\t\t\t\t<\/div>\n\t\t","protected":false},"excerpt":{"rendered":"<p>Primeiros Socorros para Profissionais da Educa\u00e7\u00e3o &#8211; Lei Lucas N\u00ba 13.722\/2018 Por que as Escolas devem estar atentas aos Primeiros Socorros? Em outubro de 2018, foi criada a Lei n\u00ba 13.722, conhecida como Lei Lucas, que torna obrigat\u00f3ria a capacita\u00e7\u00e3o em no\u00e7\u00f5es b\u00e1sicas de primeiros socorros de professores e funcion\u00e1rios de estabelecimentos de ensino p\u00fablicos [&hellip;]<\/p>\n","protected":false},"author":1,"featured_media":0,"parent":0,"menu_order":0,"comment_status":"closed","ping_status":"closed","template":"","meta":{"_acf_changed":false,"footnotes":""},"class_list":["post-10848","page","type-page","status-publish","hentry"],"acf":[],"_links":{"self":[{"href":"https:\/\/jfsimulacaosaude.com.br\/site\/wp-json\/wp\/v2\/pages\/10848","targetHints":{"allow":["GET"]}}],"collection":[{"href":"https:\/\/jfsimulacaosaude.com.br\/site\/wp-json\/wp\/v2\/pages"}],"about":[{"href":"https:\/\/jfsimulacaosaude.com.br\/site\/wp-json\/wp\/v2\/types\/page"}],"author":[{"embeddable":true,"href":"https:\/\/jfsimulacaosaude.com.br\/site\/wp-json\/wp\/v2\/users\/1"}],"replies":[{"embeddable":true,"href":"https:\/\/jfsimulacaosaude.com.br\/site\/wp-json\/wp\/v2\/comments?post=10848"}],"version-history":[{"count":16,"href":"https:\/\/jfsimulacaosaude.com.br\/site\/wp-json\/wp\/v2\/pages\/10848\/revisions"}],"predecessor-version":[{"id":11355,"href":"https:\/\/jfsimulacaosaude.com.br\/site\/wp-json\/wp\/v2\/pages\/10848\/revisions\/11355"}],"wp:attachment":[{"href":"https:\/\/jfsimulacaosaude.com.br\/site\/wp-json\/wp\/v2\/media?parent=10848"}],"curies":[{"name":"wp","href":"https:\/\/api.w.org\/{rel}","templated":true}]}}